{"id":1915,"date":"2024-04-09T11:56:59","date_gmt":"2024-04-09T10:56:59","guid":{"rendered":"https:\/\/italy.fashionrevolution.org\/?page_id=1915"},"modified":"2024-04-12T11:06:10","modified_gmt":"2024-04-12T10:06:10","slug":"felipe-fiallo","status":"publish","type":"page","link":"https:\/\/italy.fashionrevolution.org\/en\/felipe-fiallo\/","title":{"rendered":"FELIPE FIALLO"},"content":{"rendered":"<div class=\"gb-container gb-container-7b2670fe\">\n<div class=\"wp-block-image\">\n<figure class=\"aligncenter size-large\"><img loading=\"lazy\" decoding=\"async\" width=\"1024\" height=\"682\" src=\"https:\/\/italy.fashionrevolution.org\/wp-content\/uploads\/sites\/20\/2024\/04\/FELIPE-FIALLO_BioMaterials-1024x682.jpg\" alt=\"\" class=\"wp-image-1916\" srcset=\"https:\/\/italy.fashionrevolution.org\/wp-content\/uploads\/sites\/20\/2024\/04\/FELIPE-FIALLO_BioMaterials-1024x682.jpg 1024w, https:\/\/italy.fashionrevolution.org\/wp-content\/uploads\/sites\/20\/2024\/04\/FELIPE-FIALLO_BioMaterials-350x233.jpg 350w, https:\/\/italy.fashionrevolution.org\/wp-content\/uploads\/sites\/20\/2024\/04\/FELIPE-FIALLO_BioMaterials-150x100.jpg 150w, https:\/\/italy.fashionrevolution.org\/wp-content\/uploads\/sites\/20\/2024\/04\/FELIPE-FIALLO_BioMaterials-768x512.jpg 768w, https:\/\/italy.fashionrevolution.org\/wp-content\/uploads\/sites\/20\/2024\/04\/FELIPE-FIALLO_BioMaterials-1536x1024.jpg 1536w, https:\/\/italy.fashionrevolution.org\/wp-content\/uploads\/sites\/20\/2024\/04\/FELIPE-FIALLO_BioMaterials-18x12.jpg 18w, https:\/\/italy.fashionrevolution.org\/wp-content\/uploads\/sites\/20\/2024\/04\/FELIPE-FIALLO_BioMaterials.jpg 2000w\" sizes=\"auto, (max-width: 1024px) 100vw, 1024px\" \/><\/figure>\n<\/div>\n<\/div>\n\n\n<p><\/p>\n\n\n\n<h1 class=\"wp-block-heading has-text-align-center\">FELIPE FIALLO<\/h1>\n\n\n\n<div class=\"wp-block-columns is-layout-flex wp-container-core-columns-is-layout-9d6595d7 wp-block-columns-is-layout-flex\">\n<div class=\"wp-block-column is-layout-flow wp-block-column-is-layout-flow\" style=\"flex-basis:25%\"><div class=\"wp-block-image\">\n<figure class=\"alignright size-large\"><img loading=\"lazy\" decoding=\"async\" width=\"683\" height=\"1024\" src=\"https:\/\/italy.fashionrevolution.org\/wp-content\/uploads\/sites\/20\/2024\/04\/FoodForFish-683x1024.jpg\" alt=\"\" class=\"wp-image-1917\" srcset=\"https:\/\/italy.fashionrevolution.org\/wp-content\/uploads\/sites\/20\/2024\/04\/FoodForFish-683x1024.jpg 683w, https:\/\/italy.fashionrevolution.org\/wp-content\/uploads\/sites\/20\/2024\/04\/FoodForFish-160x240.jpg 160w, https:\/\/italy.fashionrevolution.org\/wp-content\/uploads\/sites\/20\/2024\/04\/FoodForFish-100x150.jpg 100w, https:\/\/italy.fashionrevolution.org\/wp-content\/uploads\/sites\/20\/2024\/04\/FoodForFish-768x1152.jpg 768w, https:\/\/italy.fashionrevolution.org\/wp-content\/uploads\/sites\/20\/2024\/04\/FoodForFish-1024x1536.jpg 1024w, https:\/\/italy.fashionrevolution.org\/wp-content\/uploads\/sites\/20\/2024\/04\/FoodForFish-1365x2048.jpg 1365w, https:\/\/italy.fashionrevolution.org\/wp-content\/uploads\/sites\/20\/2024\/04\/FoodForFish-8x12.jpg 8w, https:\/\/italy.fashionrevolution.org\/wp-content\/uploads\/sites\/20\/2024\/04\/FoodForFish-scaled.jpg 1707w\" sizes=\"auto, (max-width: 683px) 100vw, 683px\" \/><\/figure>\n<\/div><\/div>\n\n\n\n<div class=\"wp-block-column is-layout-flow wp-block-column-is-layout-flow\" style=\"flex-basis:50%\">\n<p class=\"has-text-align-center\">Felipe Fiallo, designer ecuadoriano, si distingue per la sua visione eco-futurista delle calzature. Dopo aver conseguito il Master in Luxury Accessories Design &amp; Management all\u2019Istituto Marangoni di Firenze, nel 2019 debutta sulle passerelle di Altaroma. Un anno dopo, Felipe sviluppa una capsule collection di scarpe digitali che gli permettono di vincere il prestigioso premio ITS People\u2019s Choice Award e il premio ITS Fondazione Ferragamo.<\/p>\n\n\n\n<p class=\"has-text-align-center\">Citato su Vogue, Harper&#8217;s Bazaar, I-D, L&#8217;Officiel, Forbes e BOF, Felipe \u00e8 riconosciuto per l&#8217;utilizzo di innovazioni tecnologiche e digitali, tra cui le suole stampate in 3D. Con la collezione Eco-Futuristica F\/W23, il designer vince per il secondo anno consecutivo il MICAM Emerging Designer Award. Recentemente, Felipe \u00e8 entrato a far parte di SYKY Collective, un programma guidato da SYKY e dal British Fashion Council, che intende supportare 10 designer emergenti che promettono di rivoluzionare il settore del lusso attraverso tecnologia e originalit\u00e0.<\/p>\n\n\n\n<p class=\"has-text-align-center\">Contatti <a href=\"https:\/\/felipefiallo.com\/\">felipefiallo.com<\/a><\/p>\n<\/div>\n\n\n\n<div class=\"wp-block-column is-layout-flow wp-block-column-is-layout-flow\" style=\"flex-basis:25%\"><div class=\"wp-block-image\">\n<figure class=\"alignleft size-large\"><img loading=\"lazy\" decoding=\"async\" width=\"683\" height=\"1024\" src=\"https:\/\/italy.fashionrevolution.org\/wp-content\/uploads\/sites\/20\/2024\/04\/Alligator-Upcycled-683x1024.jpg\" alt=\"\" class=\"wp-image-1918\" srcset=\"https:\/\/italy.fashionrevolution.org\/wp-content\/uploads\/sites\/20\/2024\/04\/Alligator-Upcycled-683x1024.jpg 683w, https:\/\/italy.fashionrevolution.org\/wp-content\/uploads\/sites\/20\/2024\/04\/Alligator-Upcycled-160x240.jpg 160w, https:\/\/italy.fashionrevolution.org\/wp-content\/uploads\/sites\/20\/2024\/04\/Alligator-Upcycled-100x150.jpg 100w, https:\/\/italy.fashionrevolution.org\/wp-content\/uploads\/sites\/20\/2024\/04\/Alligator-Upcycled-768x1152.jpg 768w, https:\/\/italy.fashionrevolution.org\/wp-content\/uploads\/sites\/20\/2024\/04\/Alligator-Upcycled-1024x1536.jpg 1024w, https:\/\/italy.fashionrevolution.org\/wp-content\/uploads\/sites\/20\/2024\/04\/Alligator-Upcycled-1365x2048.jpg 1365w, https:\/\/italy.fashionrevolution.org\/wp-content\/uploads\/sites\/20\/2024\/04\/Alligator-Upcycled-8x12.jpg 8w, https:\/\/italy.fashionrevolution.org\/wp-content\/uploads\/sites\/20\/2024\/04\/Alligator-Upcycled-scaled.jpg 1707w\" sizes=\"auto, (max-width: 683px) 100vw, 683px\" \/><\/figure>\n<\/div><\/div>\n<\/div>\n\n\n\n<p class=\"has-text-align-center\"><\/p>\n\n\n\n<p><\/p>\n\n\n\n<p>Descrizione delle scarpe per Fashion Revolution Tour:<br><strong><em>Food for Fish<\/em><\/strong><br><em>\u00c8 una scarpa biodegradabile, realizzata con una bioplastica a base di alghe, colorante naturale, creata in laboratorio. &#8220;Food for Fish&#8221; \u00e8 un concetto di sneaker progettato per essere utilizzato per 365 giorni prima che inizi a decomporsi naturalmente, potendo essere gettato nell&#8217;oceano e diventare nutrimento per i pesci invece che un rifiuto. L&#8217;obiettivo di questa sneaker \u00e8 aprire la discussione sulla moda effimera e avere una nuova comprensione del lusso, che non \u00e8 pi\u00f9 basato sul costo, ma sul valore temporale di un accessorio.<\/em><\/p>\n\n\n\n<p><strong><em>Alligator Upcycled<\/em><\/strong><br><em>La tomaia \u00e8 accuratamente realizzata a mano da artigiani andini con gli scarti dell&#8217;industria della pelletteria di lusso attraverso la tecnica ancestrale dell&#8217;incastro senza l&#8217;uso di colla o cuciture, creando una nuova pelle ispirata al motivo del pitone. Una tomaia dal design circolare. La suola \u00e8 stata stampata in 3D con filamento TPU riciclabile. \u00c8 la scarpa modulare che permette un utilizzo versatile e una diminuzione dei consumi.<\/em><\/p>\n\n\n\n<p><strong><em>Chameleon<\/em><\/strong><br><em>Sneaker stampata in 3D con sistema super ammortizzante. Produzione di energia. Zero rifiuti. Basso consumo. Monomateriale. La produzione additiva (stampa 3D) e il design imitano i processi biologici creando la scarpa strato dopo strato seguendo i modelli Voronoi e Camaleonte. \u00c8 meno dispendioso rispetto ai tradizionali metodi di produzione sottrattiva.<\/em><br><em>Il prototipo \u00e8 stato realizzato con canna da zucchero mentre la produzione industriale dovrebbe essere con TPU riciclabile grazie alle funzioni di flessibilit\u00e0 e resistenza.<\/em><br><\/p>\n","protected":false},"excerpt":{"rendered":"<p>FELIPE FIALLO Felipe Fiallo, designer ecuadoriano, si distingue per la sua visione eco-futurista delle calzature. Dopo aver conseguito il Master in Luxury Accessories Design &amp; Management all\u2019Istituto Marangoni di Firenze, nel 2019 debutta sulle passerelle di Altaroma. Un anno dopo, Felipe sviluppa una capsule collection di scarpe digitali che gli permettono di vincere il prestigioso [&hellip;]<\/p>\n","protected":false},"author":21,"featured_media":0,"parent":0,"menu_order":0,"comment_status":"closed","ping_status":"closed","template":"","meta":{"footnotes":""},"class_list":["post-1915","page","type-page","status-publish","hentry"],"_links":{"self":[{"href":"https:\/\/italy.fashionrevolution.org\/en\/wp-json\/wp\/v2\/pages\/1915","targetHints":{"allow":["GET"]}}],"collection":[{"href":"https:\/\/italy.fashionrevolution.org\/en\/wp-json\/wp\/v2\/pages"}],"about":[{"href":"https:\/\/italy.fashionrevolution.org\/en\/wp-json\/wp\/v2\/types\/page"}],"author":[{"embeddable":true,"href":"https:\/\/italy.fashionrevolution.org\/en\/wp-json\/wp\/v2\/users\/21"}],"replies":[{"embeddable":true,"href":"https:\/\/italy.fashionrevolution.org\/en\/wp-json\/wp\/v2\/comments?post=1915"}],"version-history":[{"count":11,"href":"https:\/\/italy.fashionrevolution.org\/en\/wp-json\/wp\/v2\/pages\/1915\/revisions"}],"predecessor-version":[{"id":1997,"href":"https:\/\/italy.fashionrevolution.org\/en\/wp-json\/wp\/v2\/pages\/1915\/revisions\/1997"}],"wp:attachment":[{"href":"https:\/\/italy.fashionrevolution.org\/en\/wp-json\/wp\/v2\/media?parent=1915"}],"curies":[{"name":"wp","href":"https:\/\/api.w.org\/{rel}","templated":true}]}}