{"id":1975,"date":"2024-04-11T13:56:07","date_gmt":"2024-04-11T12:56:07","guid":{"rendered":"https:\/\/italy.fashionrevolution.org\/?page_id=1975"},"modified":"2024-04-12T11:07:32","modified_gmt":"2024-04-12T10:07:32","slug":"sanaz-nataj-couture","status":"publish","type":"page","link":"https:\/\/italy.fashionrevolution.org\/en\/sanaz-nataj-couture\/","title":{"rendered":"SANAZ NATAJ COUTURE"},"content":{"rendered":"<div class=\"gb-container gb-container-3a18f6b7\">\n<div class=\"wp-block-image\">\n<figure class=\"aligncenter size-full\"><img loading=\"lazy\" decoding=\"async\" width=\"1000\" height=\"689\" src=\"https:\/\/italy.fashionrevolution.org\/wp-content\/uploads\/sites\/20\/2024\/04\/IMG_8763_small-1.jpg\" alt=\"\" class=\"wp-image-1990\" srcset=\"https:\/\/italy.fashionrevolution.org\/wp-content\/uploads\/sites\/20\/2024\/04\/IMG_8763_small-1.jpg 1000w, https:\/\/italy.fashionrevolution.org\/wp-content\/uploads\/sites\/20\/2024\/04\/IMG_8763_small-1-348x240.jpg 348w, https:\/\/italy.fashionrevolution.org\/wp-content\/uploads\/sites\/20\/2024\/04\/IMG_8763_small-1-150x103.jpg 150w, https:\/\/italy.fashionrevolution.org\/wp-content\/uploads\/sites\/20\/2024\/04\/IMG_8763_small-1-768x529.jpg 768w, https:\/\/italy.fashionrevolution.org\/wp-content\/uploads\/sites\/20\/2024\/04\/IMG_8763_small-1-18x12.jpg 18w\" sizes=\"auto, (max-width: 1000px) 100vw, 1000px\" \/><\/figure>\n<\/div>\n<\/div>\n\n\n<p><\/p>\n\n\n\n<h1 class=\"wp-block-heading has-text-align-center\">SANAZ NATAJ COUTURE<\/h1>\n\n\n\n<div class=\"wp-block-columns is-layout-flex wp-container-core-columns-is-layout-9d6595d7 wp-block-columns-is-layout-flex\">\n<div class=\"wp-block-column is-layout-flow wp-block-column-is-layout-flow\" style=\"flex-basis:25%\"><div class=\"wp-block-image\">\n<figure class=\"alignright size-large\"><img loading=\"lazy\" decoding=\"async\" width=\"795\" height=\"1024\" src=\"https:\/\/italy.fashionrevolution.org\/wp-content\/uploads\/sites\/20\/2024\/04\/IMG_6480-795x1024.jpg\" alt=\"\" class=\"wp-image-1983\" srcset=\"https:\/\/italy.fashionrevolution.org\/wp-content\/uploads\/sites\/20\/2024\/04\/IMG_6480-795x1024.jpg 795w, https:\/\/italy.fashionrevolution.org\/wp-content\/uploads\/sites\/20\/2024\/04\/IMG_6480-186x240.jpg 186w, https:\/\/italy.fashionrevolution.org\/wp-content\/uploads\/sites\/20\/2024\/04\/IMG_6480-117x150.jpg 117w, https:\/\/italy.fashionrevolution.org\/wp-content\/uploads\/sites\/20\/2024\/04\/IMG_6480-768x989.jpg 768w, https:\/\/italy.fashionrevolution.org\/wp-content\/uploads\/sites\/20\/2024\/04\/IMG_6480-1193x1536.jpg 1193w, https:\/\/italy.fashionrevolution.org\/wp-content\/uploads\/sites\/20\/2024\/04\/IMG_6480-1591x2048.jpg 1591w, https:\/\/italy.fashionrevolution.org\/wp-content\/uploads\/sites\/20\/2024\/04\/IMG_6480-9x12.jpg 9w, https:\/\/italy.fashionrevolution.org\/wp-content\/uploads\/sites\/20\/2024\/04\/IMG_6480-scaled.jpg 1989w\" sizes=\"auto, (max-width: 795px) 100vw, 795px\" \/><\/figure>\n<\/div><\/div>\n\n\n\n<div class=\"wp-block-column is-layout-flow wp-block-column-is-layout-flow\" style=\"flex-basis:50%\">\n<p class=\"has-text-align-center\">Sanaz Nataj Couture, fondata nel 2009, mira a creare un&#8217;imprenditoria innovativa nell&#8217;industria della moda in Iran offrendo opportunit\u00e0 di impiego alle talentuose donne locali che realizzano preziosi tessuti e ricami a mano. L&#8217;obiettivo \u00e8 quello di reinterpretare le tecniche tradizionali iraniane per un pubblico pi\u00f9 contemporaneo, oltre che supportare la comunit\u00e0 femminile del paese. Nel suo piccolo studio a Darakeh, un vecchio quartiere nel nord di Tehran, Nataj progetta abiti dai dettagli curatissimi, mettendo in luce il lavoro delle donne che per secoli hanno contribuito alla ricchezza culturale del paese senza ottenere il dovuto riconoscimento.<\/p>\n\n\n\n<p><\/p>\n\n\n\n<p><\/p>\n\n\n\n<p class=\"has-text-align-center\">Contatti: <a href=\"https:\/\/www.instagram.com\/sanaznatajcouture\/?hl=en\" target=\"_blank\" rel=\"noreferrer noopener\">SanazNatajCouture<\/a><\/p>\n<\/div>\n\n\n\n<div class=\"wp-block-column is-layout-flow wp-block-column-is-layout-flow\" style=\"flex-basis:25%\"><div class=\"wp-block-image\">\n<figure class=\"alignleft size-large\"><img loading=\"lazy\" decoding=\"async\" width=\"768\" height=\"1024\" src=\"https:\/\/italy.fashionrevolution.org\/wp-content\/uploads\/sites\/20\/2024\/04\/IMG_8802-768x1024.jpg\" alt=\"\" class=\"wp-image-1984\" srcset=\"https:\/\/italy.fashionrevolution.org\/wp-content\/uploads\/sites\/20\/2024\/04\/IMG_8802-768x1024.jpg 768w, https:\/\/italy.fashionrevolution.org\/wp-content\/uploads\/sites\/20\/2024\/04\/IMG_8802-180x240.jpg 180w, https:\/\/italy.fashionrevolution.org\/wp-content\/uploads\/sites\/20\/2024\/04\/IMG_8802-113x150.jpg 113w, https:\/\/italy.fashionrevolution.org\/wp-content\/uploads\/sites\/20\/2024\/04\/IMG_8802-1152x1536.jpg 1152w, https:\/\/italy.fashionrevolution.org\/wp-content\/uploads\/sites\/20\/2024\/04\/IMG_8802-1536x2048.jpg 1536w, https:\/\/italy.fashionrevolution.org\/wp-content\/uploads\/sites\/20\/2024\/04\/IMG_8802-9x12.jpg 9w, https:\/\/italy.fashionrevolution.org\/wp-content\/uploads\/sites\/20\/2024\/04\/IMG_8802-scaled.jpg 1920w\" sizes=\"auto, (max-width: 768px) 100vw, 768px\" \/><\/figure>\n<\/div><\/div>\n<\/div>\n\n\n\n<p class=\"has-text-align-center\"><\/p>\n","protected":false},"excerpt":{"rendered":"<p>SANAZ NATAJ COUTURE Sanaz Nataj Couture, fondata nel 2009, mira a creare un&#8217;imprenditoria innovativa nell&#8217;industria della moda in Iran offrendo opportunit\u00e0 di impiego alle talentuose donne locali che realizzano preziosi tessuti e ricami a mano. L&#8217;obiettivo \u00e8 quello di reinterpretare le tecniche tradizionali iraniane per un pubblico pi\u00f9 contemporaneo, oltre che supportare la comunit\u00e0 femminile [&hellip;]<\/p>\n","protected":false},"author":21,"featured_media":0,"parent":0,"menu_order":0,"comment_status":"closed","ping_status":"closed","template":"","meta":{"footnotes":""},"class_list":["post-1975","page","type-page","status-publish","hentry"],"_links":{"self":[{"href":"https:\/\/italy.fashionrevolution.org\/en\/wp-json\/wp\/v2\/pages\/1975","targetHints":{"allow":["GET"]}}],"collection":[{"href":"https:\/\/italy.fashionrevolution.org\/en\/wp-json\/wp\/v2\/pages"}],"about":[{"href":"https:\/\/italy.fashionrevolution.org\/en\/wp-json\/wp\/v2\/types\/page"}],"author":[{"embeddable":true,"href":"https:\/\/italy.fashionrevolution.org\/en\/wp-json\/wp\/v2\/users\/21"}],"replies":[{"embeddable":true,"href":"https:\/\/italy.fashionrevolution.org\/en\/wp-json\/wp\/v2\/comments?post=1975"}],"version-history":[{"count":10,"href":"https:\/\/italy.fashionrevolution.org\/en\/wp-json\/wp\/v2\/pages\/1975\/revisions"}],"predecessor-version":[{"id":2045,"href":"https:\/\/italy.fashionrevolution.org\/en\/wp-json\/wp\/v2\/pages\/1975\/revisions\/2045"}],"wp:attachment":[{"href":"https:\/\/italy.fashionrevolution.org\/en\/wp-json\/wp\/v2\/media?parent=1975"}],"curies":[{"name":"wp","href":"https:\/\/api.w.org\/{rel}","templated":true}]}}