{"id":1977,"date":"2024-04-12T10:47:59","date_gmt":"2024-04-12T09:47:59","guid":{"rendered":"https:\/\/italy.fashionrevolution.org\/?page_id=1977"},"modified":"2024-04-12T11:06:42","modified_gmt":"2024-04-12T10:06:42","slug":"made-for-a-woman","status":"publish","type":"page","link":"https:\/\/italy.fashionrevolution.org\/en\/made-for-a-woman\/","title":{"rendered":"MADE FOR A WOMAN"},"content":{"rendered":"<div class=\"gb-container gb-container-464968a1\">\n<div class=\"wp-block-image\">\n<figure class=\"aligncenter size-large\"><img loading=\"lazy\" decoding=\"async\" width=\"1024\" height=\"617\" src=\"https:\/\/italy.fashionrevolution.org\/wp-content\/uploads\/sites\/20\/2024\/04\/393A9151_cut-1024x617.jpg\" alt=\"\" class=\"wp-image-2011\" srcset=\"https:\/\/italy.fashionrevolution.org\/wp-content\/uploads\/sites\/20\/2024\/04\/393A9151_cut-1024x617.jpg 1024w, https:\/\/italy.fashionrevolution.org\/wp-content\/uploads\/sites\/20\/2024\/04\/393A9151_cut-350x211.jpg 350w, https:\/\/italy.fashionrevolution.org\/wp-content\/uploads\/sites\/20\/2024\/04\/393A9151_cut-150x90.jpg 150w, https:\/\/italy.fashionrevolution.org\/wp-content\/uploads\/sites\/20\/2024\/04\/393A9151_cut-768x463.jpg 768w, https:\/\/italy.fashionrevolution.org\/wp-content\/uploads\/sites\/20\/2024\/04\/393A9151_cut-1536x925.jpg 1536w, https:\/\/italy.fashionrevolution.org\/wp-content\/uploads\/sites\/20\/2024\/04\/393A9151_cut-2048x1234.jpg 2048w, https:\/\/italy.fashionrevolution.org\/wp-content\/uploads\/sites\/20\/2024\/04\/393A9151_cut-18x12.jpg 18w\" sizes=\"auto, (max-width: 1024px) 100vw, 1024px\" \/><\/figure>\n<\/div>\n<\/div>\n\n\n<p><\/p>\n\n\n\n<h1 class=\"wp-block-heading has-text-align-center\">MADE FOR A WOMAN<\/h1>\n\n\n\n<div class=\"wp-block-columns is-layout-flex wp-container-core-columns-is-layout-9d6595d7 wp-block-columns-is-layout-flex\">\n<div class=\"wp-block-column is-layout-flow wp-block-column-is-layout-flow\" style=\"flex-basis:25%\"><div class=\"wp-block-image\">\n<figure class=\"alignright size-large\"><img loading=\"lazy\" decoding=\"async\" width=\"683\" height=\"1024\" src=\"https:\/\/italy.fashionrevolution.org\/wp-content\/uploads\/sites\/20\/2024\/04\/393A0041-683x1024.jpg\" alt=\"\" class=\"wp-image-2007\" srcset=\"https:\/\/italy.fashionrevolution.org\/wp-content\/uploads\/sites\/20\/2024\/04\/393A0041-683x1024.jpg 683w, https:\/\/italy.fashionrevolution.org\/wp-content\/uploads\/sites\/20\/2024\/04\/393A0041-160x240.jpg 160w, https:\/\/italy.fashionrevolution.org\/wp-content\/uploads\/sites\/20\/2024\/04\/393A0041-100x150.jpg 100w, https:\/\/italy.fashionrevolution.org\/wp-content\/uploads\/sites\/20\/2024\/04\/393A0041-768x1152.jpg 768w, https:\/\/italy.fashionrevolution.org\/wp-content\/uploads\/sites\/20\/2024\/04\/393A0041-1024x1536.jpg 1024w, https:\/\/italy.fashionrevolution.org\/wp-content\/uploads\/sites\/20\/2024\/04\/393A0041-1365x2048.jpg 1365w, https:\/\/italy.fashionrevolution.org\/wp-content\/uploads\/sites\/20\/2024\/04\/393A0041-8x12.jpg 8w, https:\/\/italy.fashionrevolution.org\/wp-content\/uploads\/sites\/20\/2024\/04\/393A0041-scaled.jpg 1707w\" sizes=\"auto, (max-width: 683px) 100vw, 683px\" \/><\/figure>\n<\/div><\/div>\n\n\n\n<div class=\"wp-block-column is-layout-flow wp-block-column-is-layout-flow\" style=\"flex-basis:50%\">\n<p class=\"has-text-align-center\">Made For A Woman \u00e8 il primo brand di moda responsabile guidato da una donna \u2013 Eileen Akbaraly \u2013 in Madagascar. Eileen ridefinisce il panorama globale del lusso grazie a un impegno radicale verso la trasparenza, l&#8217;autenticit\u00e0 e la narrazione inclusiva. Dal 2019, ha creato e implementato un modello di business scalabile e innovativo radicato nell&#8217;imprenditoria sociale; la sua missione \u00e8 migliorare la qualit\u00e0 della vita di persone provenienti da contesti vulnerabili e marginalizzati, preservando e celebrando il prezioso patrimonio artistico della tessitura della rafia, tradizione fondamentale per la cultura malgascia.<\/p>\n\n\n\n<p class=\"has-text-align-center\">Contatti: <a href=\"https:\/\/madeforawoman.shop\/\" target=\"_blank\" rel=\"noreferrer noopener\">madeforawoman.shop<\/a><\/p>\n<\/div>\n\n\n\n<div class=\"wp-block-column is-layout-flow wp-block-column-is-layout-flow\" style=\"flex-basis:25%\"><div class=\"wp-block-image\">\n<figure class=\"alignleft size-large\"><img loading=\"lazy\" decoding=\"async\" width=\"683\" height=\"1024\" src=\"https:\/\/italy.fashionrevolution.org\/wp-content\/uploads\/sites\/20\/2024\/04\/393A0165-683x1024.jpg\" alt=\"\" class=\"wp-image-2008\" srcset=\"https:\/\/italy.fashionrevolution.org\/wp-content\/uploads\/sites\/20\/2024\/04\/393A0165-683x1024.jpg 683w, https:\/\/italy.fashionrevolution.org\/wp-content\/uploads\/sites\/20\/2024\/04\/393A0165-160x240.jpg 160w, https:\/\/italy.fashionrevolution.org\/wp-content\/uploads\/sites\/20\/2024\/04\/393A0165-100x150.jpg 100w, https:\/\/italy.fashionrevolution.org\/wp-content\/uploads\/sites\/20\/2024\/04\/393A0165-768x1152.jpg 768w, https:\/\/italy.fashionrevolution.org\/wp-content\/uploads\/sites\/20\/2024\/04\/393A0165-1024x1536.jpg 1024w, https:\/\/italy.fashionrevolution.org\/wp-content\/uploads\/sites\/20\/2024\/04\/393A0165-1365x2048.jpg 1365w, https:\/\/italy.fashionrevolution.org\/wp-content\/uploads\/sites\/20\/2024\/04\/393A0165-8x12.jpg 8w, https:\/\/italy.fashionrevolution.org\/wp-content\/uploads\/sites\/20\/2024\/04\/393A0165-scaled.jpg 1707w\" sizes=\"auto, (max-width: 683px) 100vw, 683px\" \/><\/figure>\n<\/div><\/div>\n<\/div>\n\n\n\n<p>Il look presentato per il Fashion Revolution Tour:<br>&#8220;<em>L&#8217;incontro tra rafia e lana si trasforma in un&#8217;ode alla creativit\u00e0 senza confini, dando vita a un capo straordinario, dall&#8217;anima innovativa e sostenibile. Emblema di forza e vitalit\u00e0, il giallo brillante di quest&#8217;abito unico rappresenta una storia di resilienza e autenticit\u00e0, intrecciata a mano dalle abili artigiane di Made For A Woman, brand tutto al femminile fondato sulla responsabilit\u00e0 sociale ad ambientale in Madagascar. La versatilit\u00e0 della rafia si mostra in tutta la sua bellezza, celebrando il savoir faire artigianale che ha la capacit\u00e0 di trasformare il semplice in straordinario&#8221;.<\/em><\/p>\n\n\n\n<div class=\"wp-block-columns is-layout-flex wp-container-core-columns-is-layout-9d6595d7 wp-block-columns-is-layout-flex\">\n<div class=\"wp-block-column is-layout-flow wp-block-column-is-layout-flow\"><div class=\"wp-block-image\">\n<figure class=\"aligncenter size-large\"><img loading=\"lazy\" decoding=\"async\" width=\"1024\" height=\"683\" src=\"https:\/\/italy.fashionrevolution.org\/wp-content\/uploads\/sites\/20\/2024\/04\/MADEFORWOMAN_NEWYEAR-60-1024x683.jpg\" alt=\"\" class=\"wp-image-2002\" srcset=\"https:\/\/italy.fashionrevolution.org\/wp-content\/uploads\/sites\/20\/2024\/04\/MADEFORWOMAN_NEWYEAR-60-1024x683.jpg 1024w, https:\/\/italy.fashionrevolution.org\/wp-content\/uploads\/sites\/20\/2024\/04\/MADEFORWOMAN_NEWYEAR-60-350x233.jpg 350w, https:\/\/italy.fashionrevolution.org\/wp-content\/uploads\/sites\/20\/2024\/04\/MADEFORWOMAN_NEWYEAR-60-150x100.jpg 150w, https:\/\/italy.fashionrevolution.org\/wp-content\/uploads\/sites\/20\/2024\/04\/MADEFORWOMAN_NEWYEAR-60-768x512.jpg 768w, https:\/\/italy.fashionrevolution.org\/wp-content\/uploads\/sites\/20\/2024\/04\/MADEFORWOMAN_NEWYEAR-60-1536x1024.jpg 1536w, https:\/\/italy.fashionrevolution.org\/wp-content\/uploads\/sites\/20\/2024\/04\/MADEFORWOMAN_NEWYEAR-60-2048x1365.jpg 2048w, https:\/\/italy.fashionrevolution.org\/wp-content\/uploads\/sites\/20\/2024\/04\/MADEFORWOMAN_NEWYEAR-60-18x12.jpg 18w\" sizes=\"auto, (max-width: 1024px) 100vw, 1024px\" \/><\/figure>\n<\/div><\/div>\n\n\n\n<div class=\"wp-block-column is-layout-flow wp-block-column-is-layout-flow\"><div class=\"wp-block-image\">\n<figure class=\"aligncenter size-large\"><img loading=\"lazy\" decoding=\"async\" width=\"1024\" height=\"683\" src=\"https:\/\/italy.fashionrevolution.org\/wp-content\/uploads\/sites\/20\/2024\/04\/MADEFORWOMAN_NEWYEAR-5-1024x683.jpg\" alt=\"\" class=\"wp-image-2003\" srcset=\"https:\/\/italy.fashionrevolution.org\/wp-content\/uploads\/sites\/20\/2024\/04\/MADEFORWOMAN_NEWYEAR-5-1024x683.jpg 1024w, https:\/\/italy.fashionrevolution.org\/wp-content\/uploads\/sites\/20\/2024\/04\/MADEFORWOMAN_NEWYEAR-5-350x233.jpg 350w, https:\/\/italy.fashionrevolution.org\/wp-content\/uploads\/sites\/20\/2024\/04\/MADEFORWOMAN_NEWYEAR-5-150x100.jpg 150w, https:\/\/italy.fashionrevolution.org\/wp-content\/uploads\/sites\/20\/2024\/04\/MADEFORWOMAN_NEWYEAR-5-768x512.jpg 768w, https:\/\/italy.fashionrevolution.org\/wp-content\/uploads\/sites\/20\/2024\/04\/MADEFORWOMAN_NEWYEAR-5-1536x1024.jpg 1536w, https:\/\/italy.fashionrevolution.org\/wp-content\/uploads\/sites\/20\/2024\/04\/MADEFORWOMAN_NEWYEAR-5-2048x1365.jpg 2048w, https:\/\/italy.fashionrevolution.org\/wp-content\/uploads\/sites\/20\/2024\/04\/MADEFORWOMAN_NEWYEAR-5-18x12.jpg 18w\" sizes=\"auto, (max-width: 1024px) 100vw, 1024px\" \/><\/figure>\n<\/div><\/div>\n<\/div>\n","protected":false},"excerpt":{"rendered":"<p>MADE FOR A WOMAN Made For A Woman \u00e8 il primo brand di moda responsabile guidato da una donna \u2013 Eileen Akbaraly \u2013 in Madagascar. Eileen ridefinisce il panorama globale del lusso grazie a un impegno radicale verso la trasparenza, l&#8217;autenticit\u00e0 e la narrazione inclusiva. Dal 2019, ha creato e implementato un modello di business [&hellip;]<\/p>\n","protected":false},"author":21,"featured_media":0,"parent":0,"menu_order":0,"comment_status":"closed","ping_status":"closed","template":"","meta":{"footnotes":""},"class_list":["post-1977","page","type-page","status-publish","hentry"],"_links":{"self":[{"href":"https:\/\/italy.fashionrevolution.org\/en\/wp-json\/wp\/v2\/pages\/1977","targetHints":{"allow":["GET"]}}],"collection":[{"href":"https:\/\/italy.fashionrevolution.org\/en\/wp-json\/wp\/v2\/pages"}],"about":[{"href":"https:\/\/italy.fashionrevolution.org\/en\/wp-json\/wp\/v2\/types\/page"}],"author":[{"embeddable":true,"href":"https:\/\/italy.fashionrevolution.org\/en\/wp-json\/wp\/v2\/users\/21"}],"replies":[{"embeddable":true,"href":"https:\/\/italy.fashionrevolution.org\/en\/wp-json\/wp\/v2\/comments?post=1977"}],"version-history":[{"count":10,"href":"https:\/\/italy.fashionrevolution.org\/en\/wp-json\/wp\/v2\/pages\/1977\/revisions"}],"predecessor-version":[{"id":2041,"href":"https:\/\/italy.fashionrevolution.org\/en\/wp-json\/wp\/v2\/pages\/1977\/revisions\/2041"}],"wp:attachment":[{"href":"https:\/\/italy.fashionrevolution.org\/en\/wp-json\/wp\/v2\/media?parent=1977"}],"curies":[{"name":"wp","href":"https:\/\/api.w.org\/{rel}","templated":true}]}}