{"id":2014,"date":"2024-04-12T10:59:26","date_gmt":"2024-04-12T09:59:26","guid":{"rendered":"https:\/\/italy.fashionrevolution.org\/?page_id=2014"},"modified":"2024-04-12T10:59:26","modified_gmt":"2024-04-12T09:59:26","slug":"veneziastampa","status":"publish","type":"page","link":"https:\/\/italy.fashionrevolution.org\/en\/veneziastampa\/","title":{"rendered":"VENEZIASTAMPA"},"content":{"rendered":"<div class=\"gb-container gb-container-babba94b\">\n<div class=\"wp-block-image\">\n<figure class=\"aligncenter size-large\"><img loading=\"lazy\" decoding=\"async\" width=\"1024\" height=\"647\" src=\"https:\/\/italy.fashionrevolution.org\/wp-content\/uploads\/sites\/20\/2024\/04\/a_cut-1-1024x647.jpg\" alt=\"\" class=\"wp-image-2024\" srcset=\"https:\/\/italy.fashionrevolution.org\/wp-content\/uploads\/sites\/20\/2024\/04\/a_cut-1-1024x647.jpg 1024w, https:\/\/italy.fashionrevolution.org\/wp-content\/uploads\/sites\/20\/2024\/04\/a_cut-1-350x221.jpg 350w, https:\/\/italy.fashionrevolution.org\/wp-content\/uploads\/sites\/20\/2024\/04\/a_cut-1-150x95.jpg 150w, https:\/\/italy.fashionrevolution.org\/wp-content\/uploads\/sites\/20\/2024\/04\/a_cut-1-768x486.jpg 768w, https:\/\/italy.fashionrevolution.org\/wp-content\/uploads\/sites\/20\/2024\/04\/a_cut-1-18x12.jpg 18w, https:\/\/italy.fashionrevolution.org\/wp-content\/uploads\/sites\/20\/2024\/04\/a_cut-1.jpg 1536w\" sizes=\"auto, (max-width: 1024px) 100vw, 1024px\" \/><\/figure>\n<\/div>\n<\/div>\n\n\n<p><\/p>\n\n\n\n<h1 class=\"wp-block-heading has-text-align-center\">VENEZIASTAMPA<\/h1>\n\n\n\n<div class=\"wp-block-columns is-layout-flex wp-container-core-columns-is-layout-9d6595d7 wp-block-columns-is-layout-flex\">\n<div class=\"wp-block-column is-layout-flow wp-block-column-is-layout-flow\" style=\"flex-basis:25%\">\n<figure class=\"wp-block-gallery aligncenter has-nested-images columns-default is-cropped wp-block-gallery-1 is-layout-flex wp-block-gallery-is-layout-flex\"><div class=\"wp-block-image\">\n<figure class=\"alignright size-large\"><img loading=\"lazy\" decoding=\"async\" width=\"1024\" height=\"683\" data-id=\"2016\" src=\"https:\/\/italy.fashionrevolution.org\/wp-content\/uploads\/sites\/20\/2024\/04\/d-1024x683.jpg\" alt=\"\" class=\"wp-image-2016\" srcset=\"https:\/\/italy.fashionrevolution.org\/wp-content\/uploads\/sites\/20\/2024\/04\/d-1024x683.jpg 1024w, https:\/\/italy.fashionrevolution.org\/wp-content\/uploads\/sites\/20\/2024\/04\/d-350x233.jpg 350w, https:\/\/italy.fashionrevolution.org\/wp-content\/uploads\/sites\/20\/2024\/04\/d-150x100.jpg 150w, https:\/\/italy.fashionrevolution.org\/wp-content\/uploads\/sites\/20\/2024\/04\/d-768x512.jpg 768w, https:\/\/italy.fashionrevolution.org\/wp-content\/uploads\/sites\/20\/2024\/04\/d-18x12.jpg 18w, https:\/\/italy.fashionrevolution.org\/wp-content\/uploads\/sites\/20\/2024\/04\/d.jpg 1500w\" sizes=\"auto, (max-width: 1024px) 100vw, 1024px\" \/><\/figure>\n<\/div><\/figure>\n<\/div>\n\n\n\n<div class=\"wp-block-column is-layout-flow wp-block-column-is-layout-flow\" style=\"flex-basis:50%\">\n<p class=\"has-text-align-center\">La Venezia di fine \u2018400 \u00e8 la citt\u00e0 in cui la stampa si \u00e8 evoluta in editoria, e dal 1989 Veneziastampa si impegna a conservare e innovare le antiche tradizioni tipografiche veneziane portate in citt\u00e0 da Aldo Manuzio, uno dei primi editori moderni. Grazie a due storici torchi tipografici, ad una Platina tipografica Heidelberg e attraverso un processo artigianale meticoloso, Luca e Michele realizzano stampe a caratteri mobili che danno vita a opere contemporanee uniche nel loro genere, dove i modi di dire veneziani diventano grafica e design.<\/p>\n\n\n\n<p class=\"has-text-align-center\">Contatti:<a href=\"https:\/\/veneziastampa.com\/\" target=\"_blank\" rel=\"noreferrer noopener\"> veneziastampa.com<\/a><\/p>\n<\/div>\n\n\n\n<div class=\"wp-block-column is-layout-flow wp-block-column-is-layout-flow\" style=\"flex-basis:25%\"><div class=\"wp-block-image\">\n<figure class=\"alignleft size-large\"><img loading=\"lazy\" decoding=\"async\" width=\"1024\" height=\"713\" src=\"https:\/\/italy.fashionrevolution.org\/wp-content\/uploads\/sites\/20\/2024\/04\/f-1-1024x713.jpg\" alt=\"\" class=\"wp-image-2021\" srcset=\"https:\/\/italy.fashionrevolution.org\/wp-content\/uploads\/sites\/20\/2024\/04\/f-1-1024x713.jpg 1024w, https:\/\/italy.fashionrevolution.org\/wp-content\/uploads\/sites\/20\/2024\/04\/f-1-345x240.jpg 345w, https:\/\/italy.fashionrevolution.org\/wp-content\/uploads\/sites\/20\/2024\/04\/f-1-150x104.jpg 150w, https:\/\/italy.fashionrevolution.org\/wp-content\/uploads\/sites\/20\/2024\/04\/f-1-768x535.jpg 768w, https:\/\/italy.fashionrevolution.org\/wp-content\/uploads\/sites\/20\/2024\/04\/f-1-18x12.jpg 18w, https:\/\/italy.fashionrevolution.org\/wp-content\/uploads\/sites\/20\/2024\/04\/f-1.jpg 1181w\" sizes=\"auto, (max-width: 1024px) 100vw, 1024px\" \/><\/figure>\n<\/div><\/div>\n<\/div>\n","protected":false},"excerpt":{"rendered":"<p>VENEZIASTAMPA La Venezia di fine \u2018400 \u00e8 la citt\u00e0 in cui la stampa si \u00e8 evoluta in editoria, e dal 1989 Veneziastampa si impegna a conservare e innovare le antiche tradizioni tipografiche veneziane portate in citt\u00e0 da Aldo Manuzio, uno dei primi editori moderni. Grazie a due storici torchi tipografici, ad una Platina tipografica Heidelberg [&hellip;]<\/p>\n","protected":false},"author":21,"featured_media":0,"parent":0,"menu_order":0,"comment_status":"closed","ping_status":"closed","template":"","meta":{"footnotes":""},"class_list":["post-2014","page","type-page","status-publish","hentry"],"_links":{"self":[{"href":"https:\/\/italy.fashionrevolution.org\/en\/wp-json\/wp\/v2\/pages\/2014","targetHints":{"allow":["GET"]}}],"collection":[{"href":"https:\/\/italy.fashionrevolution.org\/en\/wp-json\/wp\/v2\/pages"}],"about":[{"href":"https:\/\/italy.fashionrevolution.org\/en\/wp-json\/wp\/v2\/types\/page"}],"author":[{"embeddable":true,"href":"https:\/\/italy.fashionrevolution.org\/en\/wp-json\/wp\/v2\/users\/21"}],"replies":[{"embeddable":true,"href":"https:\/\/italy.fashionrevolution.org\/en\/wp-json\/wp\/v2\/comments?post=2014"}],"version-history":[{"count":9,"href":"https:\/\/italy.fashionrevolution.org\/en\/wp-json\/wp\/v2\/pages\/2014\/revisions"}],"predecessor-version":[{"id":2029,"href":"https:\/\/italy.fashionrevolution.org\/en\/wp-json\/wp\/v2\/pages\/2014\/revisions\/2029"}],"wp:attachment":[{"href":"https:\/\/italy.fashionrevolution.org\/en\/wp-json\/wp\/v2\/media?parent=2014"}],"curies":[{"name":"wp","href":"https:\/\/api.w.org\/{rel}","templated":true}]}}