{"id":1322,"date":"2022-01-24T14:56:23","date_gmt":"2022-01-24T14:56:23","guid":{"rendered":"https:\/\/italy.fashionrevolution.org\/?page_id=1322"},"modified":"2024-04-19T15:37:03","modified_gmt":"2024-04-19T14:37:03","slug":"fashion-revolution-week-2021","status":"publish","type":"page","link":"https:\/\/italy.fashionrevolution.org\/it\/fashion-revolution-week-2021\/","title":{"rendered":"FASHION REVOLUTION WEEK 2021"},"content":{"rendered":"<div class=\"wp-block-cover\"><span aria-hidden=\"true\" class=\"wp-block-cover__background has-white-background-color has-background-dim-0 has-background-dim\"><\/span><img loading=\"lazy\" decoding=\"async\" width=\"1040\" height=\"585\" class=\"wp-block-cover__image-background wp-image-968\" alt=\"\" src=\"http:\/\/italy.fashionrevolution.org\/wp-content\/uploads\/sites\/20\/2021\/11\/IMG-20150424-WA0006-3.jpg\" style=\"object-position:52% 68%\" data-object-fit=\"cover\" data-object-position=\"52% 68%\" srcset=\"https:\/\/italy.fashionrevolution.org\/wp-content\/uploads\/sites\/20\/2021\/11\/IMG-20150424-WA0006-3.jpg 1040w, https:\/\/italy.fashionrevolution.org\/wp-content\/uploads\/sites\/20\/2021\/11\/IMG-20150424-WA0006-3-350x197.jpg 350w, https:\/\/italy.fashionrevolution.org\/wp-content\/uploads\/sites\/20\/2021\/11\/IMG-20150424-WA0006-3-1024x576.jpg 1024w, https:\/\/italy.fashionrevolution.org\/wp-content\/uploads\/sites\/20\/2021\/11\/IMG-20150424-WA0006-3-150x84.jpg 150w, https:\/\/italy.fashionrevolution.org\/wp-content\/uploads\/sites\/20\/2021\/11\/IMG-20150424-WA0006-3-768x432.jpg 768w, https:\/\/italy.fashionrevolution.org\/wp-content\/uploads\/sites\/20\/2021\/11\/IMG-20150424-WA0006-3-18x10.jpg 18w\" sizes=\"auto, (max-width: 1040px) 100vw, 1040px\" \/><div class=\"wp-block-cover__inner-container is-layout-flow wp-block-cover-is-layout-flow\">\n<h3 class=\"gb-headline gb-headline-fba48b6e gb-headline-text\">FASHION REVOLUTION 2021<\/h3>\n<\/div><\/div>\n\n\n\n<p><\/p>\n\n\n\n<p>24 Aprile 2021<\/p>\n\n\n\n<h2 class=\"gb-headline gb-headline-0b2980c6 gb-headline-text\"> ARTIVISM<\/h2>\n\n\n\n<h2 class=\"gb-headline gb-headline-ceb4bc74 gb-headline-text\"> <\/h2>\n\n\n<div class=\"wp-block-image\">\n<figure class=\"aligncenter size-large\"><img loading=\"lazy\" decoding=\"async\" width=\"1024\" height=\"341\" src=\"https:\/\/italy.fashionrevolution.org\/wp-content\/uploads\/sites\/20\/2022\/01\/ARTIVISM_Banner-1024x341.png\" alt=\"\" class=\"wp-image-1326\" srcset=\"https:\/\/italy.fashionrevolution.org\/wp-content\/uploads\/sites\/20\/2022\/01\/ARTIVISM_Banner-1024x341.png 1024w, https:\/\/italy.fashionrevolution.org\/wp-content\/uploads\/sites\/20\/2022\/01\/ARTIVISM_Banner-350x117.png 350w, https:\/\/italy.fashionrevolution.org\/wp-content\/uploads\/sites\/20\/2022\/01\/ARTIVISM_Banner-150x50.png 150w, https:\/\/italy.fashionrevolution.org\/wp-content\/uploads\/sites\/20\/2022\/01\/ARTIVISM_Banner-768x256.png 768w, https:\/\/italy.fashionrevolution.org\/wp-content\/uploads\/sites\/20\/2022\/01\/ARTIVISM_Banner-1536x512.png 1536w, https:\/\/italy.fashionrevolution.org\/wp-content\/uploads\/sites\/20\/2022\/01\/ARTIVISM_Banner-2048x683.png 2048w, https:\/\/italy.fashionrevolution.org\/wp-content\/uploads\/sites\/20\/2022\/01\/ARTIVISM_Banner-18x6.png 18w\" sizes=\"auto, (max-width: 1024px) 100vw, 1024px\" \/><\/figure>\n<\/div>\n\n\n<p class=\" translation-block\"><strong>ARTIVISM EXHIBITION<\/strong> \u00e8 l\u2019evento digitale frutto della call to action che abbiamo lanciato a Dicembre 2020 insieme a Cittadellarte Fondazione Pistoletto, per ispirare artisti e creativi a dar voce e forma, attraverso l\u2019arte, alla giustizia sociale e ambientale.\nLa selezione \u00e8 avvenuta tra pi\u00f9 di 90 artisti che hanno risposto all\u2019iniziativa con opere originali. Una commissione tecnica composta da Paolo Naldini (CEO &amp; director Cittadellarte- Fondazione Pistoletto), Olga Pirazzi (project manager Fashion B.E.S.T. - Fondazione Pistoletto), Juan Estefan Sandoval (direttore Ufficio Arte - Fondazione Pistoletto) e Marina Spadafora (country coordinator - Fashion Revolution Italia) di tutti i progetti in gara ha valutato la coerenza semantica, l\u2019originalit\u00e0, la qualit\u00e0 tecnica, la potenziale capacit\u00e0 di ispirare attivismo sociale, la resa estetica per la fruibilit\u00e0 digitale e il valore manifestato come soluzione per il sistema moda.\nQuaranta opere selezionate sono visitabili nello spazio digitale Ikonospace in un percorso curato da Stella Stone.\nInoltre per i primi 10 finalisti, annunciati il giorno dell\u2019inaugurazione durante un vernissage digitale su Zoom e live sulla pagina Facebook di Fashion Revolution Italia, hanno preso parte ad un in-house residence a Cittadellarte a Biella sponsorizzato da Fondazione Pistoletto.<\/p>\n\n\n\n<p>Vogliamo ringraziare TUTTI gli artisti, studenti o semplici appassionati che hanno risposto alla nostra call inviandoci i loro progetti, GRAZIE!!!<\/p>\n\n\n\n<p><\/p>","protected":false},"excerpt":{"rendered":"<p>April 24, 2021 ARTIVISM ARTIVISM EXHIBITION is the digital event result of a call to action we launched in December 2020 together with Cittadellarte Fondazione Pistoletto, to inspire artists and creatives to give voice and shape, through art, to social activism and environmental justice.The selection took place among more than 90 artists who responded to [&hellip;]<\/p>\n","protected":false},"author":21,"featured_media":0,"parent":0,"menu_order":0,"comment_status":"closed","ping_status":"closed","template":"","meta":{"footnotes":""},"class_list":["post-1322","page","type-page","status-publish","hentry"],"_links":{"self":[{"href":"https:\/\/italy.fashionrevolution.org\/it\/wp-json\/wp\/v2\/pages\/1322","targetHints":{"allow":["GET"]}}],"collection":[{"href":"https:\/\/italy.fashionrevolution.org\/it\/wp-json\/wp\/v2\/pages"}],"about":[{"href":"https:\/\/italy.fashionrevolution.org\/it\/wp-json\/wp\/v2\/types\/page"}],"author":[{"embeddable":true,"href":"https:\/\/italy.fashionrevolution.org\/it\/wp-json\/wp\/v2\/users\/21"}],"replies":[{"embeddable":true,"href":"https:\/\/italy.fashionrevolution.org\/it\/wp-json\/wp\/v2\/comments?post=1322"}],"version-history":[{"count":10,"href":"https:\/\/italy.fashionrevolution.org\/it\/wp-json\/wp\/v2\/pages\/1322\/revisions"}],"predecessor-version":[{"id":2140,"href":"https:\/\/italy.fashionrevolution.org\/it\/wp-json\/wp\/v2\/pages\/1322\/revisions\/2140"}],"wp:attachment":[{"href":"https:\/\/italy.fashionrevolution.org\/it\/wp-json\/wp\/v2\/media?parent=1322"}],"curies":[{"name":"wp","href":"https:\/\/api.w.org\/{rel}","templated":true}]}}