{"id":1866,"date":"2024-04-12T11:03:49","date_gmt":"2024-04-12T10:03:49","guid":{"rendered":"https:\/\/italy.fashionrevolution.org\/?page_id=1866"},"modified":"2024-04-17T11:41:14","modified_gmt":"2024-04-17T10:41:14","slug":"paperoowl","status":"publish","type":"page","link":"https:\/\/italy.fashionrevolution.org\/it\/paperoowl\/","title":{"rendered":"PAPEROOWL"},"content":{"rendered":"<div class=\"gb-container gb-container-890a5ed6\">\n<div class=\"wp-block-image\">\n<figure class=\"aligncenter size-large\"><img loading=\"lazy\" decoding=\"async\" width=\"1024\" height=\"638\" src=\"https:\/\/italy.fashionrevolution.org\/wp-content\/uploads\/sites\/20\/2024\/04\/DSF3934_cut-1024x638.jpeg\" alt=\"\" class=\"wp-image-2122\" style=\"object-fit:cover\" srcset=\"https:\/\/italy.fashionrevolution.org\/wp-content\/uploads\/sites\/20\/2024\/04\/DSF3934_cut-1024x638.jpeg 1024w, https:\/\/italy.fashionrevolution.org\/wp-content\/uploads\/sites\/20\/2024\/04\/DSF3934_cut-350x218.jpeg 350w, https:\/\/italy.fashionrevolution.org\/wp-content\/uploads\/sites\/20\/2024\/04\/DSF3934_cut-150x93.jpeg 150w, https:\/\/italy.fashionrevolution.org\/wp-content\/uploads\/sites\/20\/2024\/04\/DSF3934_cut-768x478.jpeg 768w, https:\/\/italy.fashionrevolution.org\/wp-content\/uploads\/sites\/20\/2024\/04\/DSF3934_cut-18x12.jpeg 18w, https:\/\/italy.fashionrevolution.org\/wp-content\/uploads\/sites\/20\/2024\/04\/DSF3934_cut.jpeg 1280w\" sizes=\"auto, (max-width: 1024px) 100vw, 1024px\" \/><\/figure>\n<\/div>\n<\/div>\n\n\n<p><\/p>\n\n\n\n<h1 class=\"wp-block-heading has-text-align-center\">PAPEROOWL<\/h1>\n\n\n\n<p><\/p>\n\n\n\n<div class=\"wp-block-columns is-layout-flex wp-container-core-columns-is-layout-9d6595d7 wp-block-columns-is-layout-flex\">\n<div class=\"wp-block-column is-layout-flow wp-block-column-is-layout-flow\" style=\"flex-basis:25%\"><div class=\"wp-block-image\">\n<figure class=\"alignright size-full\"><img loading=\"lazy\" decoding=\"async\" width=\"400\" height=\"560\" src=\"https:\/\/italy.fashionrevolution.org\/wp-content\/uploads\/sites\/20\/2024\/04\/DSCF2306_small-3.jpg\" alt=\"\" class=\"wp-image-1898\" srcset=\"https:\/\/italy.fashionrevolution.org\/wp-content\/uploads\/sites\/20\/2024\/04\/DSCF2306_small-3.jpg 400w, https:\/\/italy.fashionrevolution.org\/wp-content\/uploads\/sites\/20\/2024\/04\/DSCF2306_small-3-171x240.jpg 171w, https:\/\/italy.fashionrevolution.org\/wp-content\/uploads\/sites\/20\/2024\/04\/DSCF2306_small-3-107x150.jpg 107w, https:\/\/italy.fashionrevolution.org\/wp-content\/uploads\/sites\/20\/2024\/04\/DSCF2306_small-3-9x12.jpg 9w\" sizes=\"auto, (max-width: 400px) 100vw, 400px\" \/><\/figure>\n<\/div><\/div>\n\n\n\n<div class=\"wp-block-column is-vertically-aligned-stretch is-layout-flow wp-block-column-is-layout-flow\" style=\"flex-basis:50%\">\n<p class=\"has-text-align-center\">Con il brand Paperoowl Stefania Giannici trasforma carte preziose in opere d&#8217;arte. Utilizzando carte provenienti da tutto il mondo, nel suo laboratorio crea gioielli, scatole, quaderni, decorazioni, celebrando la carta come un materiale in continua evoluzione, carico di potenziale creativo.&nbsp;<br><\/p>\n\n\n\n<p class=\"has-text-align-center\">Contatti <a href=\"https:\/\/www.paperoowl.com\/\" target=\"_blank\" rel=\"noreferrer noopener\">paperoowl.com<\/a><\/p>\n<\/div>\n\n\n\n<div class=\"wp-block-column is-layout-flow wp-block-column-is-layout-flow\" style=\"flex-basis:25%\">\n<figure class=\"wp-block-gallery aligncenter has-nested-images columns-default is-cropped wp-block-gallery-1 is-layout-flex wp-block-gallery-is-layout-flex\"><div class=\"wp-block-image\">\n<figure class=\"alignleft size-full\"><img loading=\"lazy\" decoding=\"async\" width=\"400\" height=\"530\" data-id=\"1899\" src=\"https:\/\/italy.fashionrevolution.org\/wp-content\/uploads\/sites\/20\/2024\/04\/1000006297-01_small-2.jpg\" alt=\"\" class=\"wp-image-1899\" srcset=\"https:\/\/italy.fashionrevolution.org\/wp-content\/uploads\/sites\/20\/2024\/04\/1000006297-01_small-2.jpg 400w, https:\/\/italy.fashionrevolution.org\/wp-content\/uploads\/sites\/20\/2024\/04\/1000006297-01_small-2-181x240.jpg 181w, https:\/\/italy.fashionrevolution.org\/wp-content\/uploads\/sites\/20\/2024\/04\/1000006297-01_small-2-113x150.jpg 113w, https:\/\/italy.fashionrevolution.org\/wp-content\/uploads\/sites\/20\/2024\/04\/1000006297-01_small-2-9x12.jpg 9w\" sizes=\"auto, (max-width: 400px) 100vw, 400px\" \/><\/figure>\n<\/div><\/figure>\n<\/div>\n<\/div>\n\n\n\n<p>Per questi giorni creativi Paperoowl presenta una performance ispirata alla tradizione giapponese delle predizioni e divinazioni, che coinvolge i visitatori e vuole sensibilizzare le persone sul tema del riscaldamento globale e sulla necessit\u00e0 di piantare alberi per contrastare gli effetti del nostro inquinamento.<\/p>\n\n\n\n<p>15 &#8211; 23 aprile<br>&#8220;<strong>Grande fortuna. <\/strong>&#8211;<strong> <\/strong><em>La comunit\u00e0 che pianta alberi.&#8221; <\/em>Performance<em>&nbsp;<\/em><br>presso Paperoowl &#8211; (Rio Marin) Santa Croce 821, Venezia<\/p>\n\n\n\n<p><em>&#8220;\u00c8 ineluttabile il destino del mondo?&#8221;&nbsp; <br>La performance &#8220;<strong>Grande fortuna.<\/strong> &#8211; La comunit\u00e0 che pianta alberi&#8221;. si propone di sfidare i preconcetti sul destino del mondo e sulla nostra capacit\u00e0 di plasmare il futuro attraverso le nostre azioni, esplorando il connubio tra destino e azione umana, tra fortuna e impegno.<br>Ispirata alla tradizione giapponese delle predizioni o divinazioni e all&#8217;iconico racconto &#8220;L&#8217; uomo che piantava gli alberi&#8221; di Jean Giono, l&#8217;esposizione celebra il potere della collaborazione, della creativit\u00e0 e dell&#8217;impegno collettivo. In un mondo in cui il cambiamento climatico minaccia la stabilit\u00e0 dell&#8217;ambiente e la sopravvivenza delle generazioni future, \u00e8 pi\u00f9 che mai urgente agire!&#8221;<\/em><\/p>","protected":false},"excerpt":{"rendered":"<p>PAPEROOWL Con il brand Paperoowl Stefania Giannici trasforma carte preziose in opere d&#8217;arte. Utilizzando carte provenienti da tutto il mondo, nel suo laboratorio crea gioielli, scatole, quaderni, decorazioni, celebrando la carta come un materiale in continua evoluzione, carico di potenziale creativo.&nbsp; Contatti paperoowl.com Per questi giorni creativi Paperoowl presenta una performance ispirata alla tradizione giapponese [&hellip;]<\/p>\n","protected":false},"author":21,"featured_media":0,"parent":0,"menu_order":0,"comment_status":"closed","ping_status":"closed","template":"","meta":{"footnotes":""},"class_list":["post-1866","page","type-page","status-publish","hentry"],"_links":{"self":[{"href":"https:\/\/italy.fashionrevolution.org\/it\/wp-json\/wp\/v2\/pages\/1866","targetHints":{"allow":["GET"]}}],"collection":[{"href":"https:\/\/italy.fashionrevolution.org\/it\/wp-json\/wp\/v2\/pages"}],"about":[{"href":"https:\/\/italy.fashionrevolution.org\/it\/wp-json\/wp\/v2\/types\/page"}],"author":[{"embeddable":true,"href":"https:\/\/italy.fashionrevolution.org\/it\/wp-json\/wp\/v2\/users\/21"}],"replies":[{"embeddable":true,"href":"https:\/\/italy.fashionrevolution.org\/it\/wp-json\/wp\/v2\/comments?post=1866"}],"version-history":[{"count":21,"href":"https:\/\/italy.fashionrevolution.org\/it\/wp-json\/wp\/v2\/pages\/1866\/revisions"}],"predecessor-version":[{"id":2034,"href":"https:\/\/italy.fashionrevolution.org\/it\/wp-json\/wp\/v2\/pages\/1866\/revisions\/2034"}],"wp:attachment":[{"href":"https:\/\/italy.fashionrevolution.org\/it\/wp-json\/wp\/v2\/media?parent=1866"}],"curies":[{"name":"wp","href":"https:\/\/api.w.org\/{rel}","templated":true}]}}