{"id":1979,"date":"2024-04-17T10:09:33","date_gmt":"2024-04-17T09:09:33","guid":{"rendered":"https:\/\/italy.fashionrevolution.org\/?page_id=1979"},"modified":"2024-04-18T10:29:00","modified_gmt":"2024-04-18T09:29:00","slug":"cavia","status":"publish","type":"page","link":"https:\/\/italy.fashionrevolution.org\/it\/cavia\/","title":{"rendered":"CAVIA"},"content":{"rendered":"<div class=\"gb-container gb-container-e23ded7f\">\n<div class=\"wp-block-image\">\n<figure class=\"aligncenter size-full\"><img loading=\"lazy\" decoding=\"async\" width=\"2560\" height=\"1272\" src=\"https:\/\/italy.fashionrevolution.org\/wp-content\/uploads\/sites\/20\/2024\/04\/031_cut-scaled.jpg\" alt=\"\" class=\"wp-image-2137\" srcset=\"https:\/\/italy.fashionrevolution.org\/wp-content\/uploads\/sites\/20\/2024\/04\/031_cut-scaled.jpg 2560w, https:\/\/italy.fashionrevolution.org\/wp-content\/uploads\/sites\/20\/2024\/04\/031_cut-350x174.jpg 350w, https:\/\/italy.fashionrevolution.org\/wp-content\/uploads\/sites\/20\/2024\/04\/031_cut-1024x509.jpg 1024w, https:\/\/italy.fashionrevolution.org\/wp-content\/uploads\/sites\/20\/2024\/04\/031_cut-150x75.jpg 150w, https:\/\/italy.fashionrevolution.org\/wp-content\/uploads\/sites\/20\/2024\/04\/031_cut-768x382.jpg 768w, https:\/\/italy.fashionrevolution.org\/wp-content\/uploads\/sites\/20\/2024\/04\/031_cut-1536x763.jpg 1536w, https:\/\/italy.fashionrevolution.org\/wp-content\/uploads\/sites\/20\/2024\/04\/031_cut-2048x1018.jpg 2048w, https:\/\/italy.fashionrevolution.org\/wp-content\/uploads\/sites\/20\/2024\/04\/031_cut-18x9.jpg 18w\" sizes=\"auto, (max-width: 2560px) 100vw, 2560px\" \/><\/figure>\n<\/div>\n<\/div>\n\n\n<p><\/p>\n\n\n\n<h1 class=\"wp-block-heading has-text-align-center\">CAVIA<\/h1>\n\n\n\n<div class=\"wp-block-columns is-layout-flex wp-container-core-columns-is-layout-9d6595d7 wp-block-columns-is-layout-flex\">\n<div class=\"wp-block-column is-layout-flow wp-block-column-is-layout-flow\" style=\"flex-basis:25%\"><div class=\"wp-block-image\">\n<figure class=\"alignright size-large\"><img loading=\"lazy\" decoding=\"async\" width=\"682\" height=\"1024\" src=\"https:\/\/italy.fashionrevolution.org\/wp-content\/uploads\/sites\/20\/2024\/04\/cavia-682x1024.png\" alt=\"\" class=\"wp-image-2068\" srcset=\"https:\/\/italy.fashionrevolution.org\/wp-content\/uploads\/sites\/20\/2024\/04\/cavia-682x1024.png 682w, https:\/\/italy.fashionrevolution.org\/wp-content\/uploads\/sites\/20\/2024\/04\/cavia-160x240.png 160w, https:\/\/italy.fashionrevolution.org\/wp-content\/uploads\/sites\/20\/2024\/04\/cavia-100x150.png 100w, https:\/\/italy.fashionrevolution.org\/wp-content\/uploads\/sites\/20\/2024\/04\/cavia-768x1153.png 768w, https:\/\/italy.fashionrevolution.org\/wp-content\/uploads\/sites\/20\/2024\/04\/cavia-1023x1536.png 1023w, https:\/\/italy.fashionrevolution.org\/wp-content\/uploads\/sites\/20\/2024\/04\/cavia-8x12.png 8w, https:\/\/italy.fashionrevolution.org\/wp-content\/uploads\/sites\/20\/2024\/04\/cavia.png 1186w\" sizes=\"auto, (max-width: 682px) 100vw, 682px\" \/><\/figure>\n<\/div><\/div>\n\n\n\n<div class=\"wp-block-column is-layout-flow wp-block-column-is-layout-flow\" style=\"flex-basis:50%\">\n<p class=\"has-text-align-center\">Cavia \u00e8 un brand fondato sull&#8217;artigianato Made in Italy e su un profondo ed autentico impegno ambientale. Utilizzando tessuti recuperati e riciclati, Cavia crea pezzi unici frutto di una creativit\u00e0 attenta e cooperativa. Per espandere il ventaglio di possibilit\u00e0 del suo immaginario, Cavia porta avanti numerose collaborazioni con altre realt\u00e0, restando fedele alla promessa di una moda pi\u00f9 responsabile.<\/p>\n\n\n\n<p><\/p>\n\n\n\n<p class=\"has-text-align-center\">Contatti: <a href=\"https:\/\/www.yourcavia.com\/shop\" target=\"_blank\" rel=\"noreferrer noopener\">yourcavia.com<\/a><\/p>\n<\/div>\n\n\n\n<div class=\"wp-block-column is-layout-flow wp-block-column-is-layout-flow\" style=\"flex-basis:25%\"><div class=\"wp-block-image\">\n<figure class=\"alignleft size-full\"><img loading=\"lazy\" decoding=\"async\" width=\"2000\" height=\"2500\" src=\"https:\/\/italy.fashionrevolution.org\/wp-content\/uploads\/sites\/20\/2024\/04\/001.jpg\" alt=\"\" class=\"wp-image-2135\" srcset=\"https:\/\/italy.fashionrevolution.org\/wp-content\/uploads\/sites\/20\/2024\/04\/001.jpg 2000w, https:\/\/italy.fashionrevolution.org\/wp-content\/uploads\/sites\/20\/2024\/04\/001-192x240.jpg 192w, https:\/\/italy.fashionrevolution.org\/wp-content\/uploads\/sites\/20\/2024\/04\/001-819x1024.jpg 819w, https:\/\/italy.fashionrevolution.org\/wp-content\/uploads\/sites\/20\/2024\/04\/001-120x150.jpg 120w, https:\/\/italy.fashionrevolution.org\/wp-content\/uploads\/sites\/20\/2024\/04\/001-768x960.jpg 768w, https:\/\/italy.fashionrevolution.org\/wp-content\/uploads\/sites\/20\/2024\/04\/001-1229x1536.jpg 1229w, https:\/\/italy.fashionrevolution.org\/wp-content\/uploads\/sites\/20\/2024\/04\/001-1638x2048.jpg 1638w, https:\/\/italy.fashionrevolution.org\/wp-content\/uploads\/sites\/20\/2024\/04\/001-10x12.jpg 10w\" sizes=\"auto, (max-width: 2000px) 100vw, 2000px\" \/><\/figure>\n<\/div><\/div>\n<\/div>\n\n\n\n<p class=\"has-text-align-center\"><\/p>","protected":false},"excerpt":{"rendered":"<p>CAVIA Cavia \u00e8 un brand fondato sull&#8217;artigianato Made in Italy e su un profondo ed autentico impegno ambientale. Utilizzando tessuti recuperati e riciclati, Cavia crea pezzi unici frutto di una creativit\u00e0 attenta e cooperativa. Per espandere il ventaglio di possibilit\u00e0 del suo immaginario, Cavia porta avanti numerose collaborazioni con altre realt\u00e0, restando fedele alla promessa [&hellip;]<\/p>\n","protected":false},"author":21,"featured_media":0,"parent":0,"menu_order":0,"comment_status":"closed","ping_status":"closed","template":"","meta":{"footnotes":""},"class_list":["post-1979","page","type-page","status-publish","hentry"],"_links":{"self":[{"href":"https:\/\/italy.fashionrevolution.org\/it\/wp-json\/wp\/v2\/pages\/1979","targetHints":{"allow":["GET"]}}],"collection":[{"href":"https:\/\/italy.fashionrevolution.org\/it\/wp-json\/wp\/v2\/pages"}],"about":[{"href":"https:\/\/italy.fashionrevolution.org\/it\/wp-json\/wp\/v2\/types\/page"}],"author":[{"embeddable":true,"href":"https:\/\/italy.fashionrevolution.org\/it\/wp-json\/wp\/v2\/users\/21"}],"replies":[{"embeddable":true,"href":"https:\/\/italy.fashionrevolution.org\/it\/wp-json\/wp\/v2\/comments?post=1979"}],"version-history":[{"count":17,"href":"https:\/\/italy.fashionrevolution.org\/it\/wp-json\/wp\/v2\/pages\/1979\/revisions"}],"predecessor-version":[{"id":2126,"href":"https:\/\/italy.fashionrevolution.org\/it\/wp-json\/wp\/v2\/pages\/1979\/revisions\/2126"}],"wp:attachment":[{"href":"https:\/\/italy.fashionrevolution.org\/it\/wp-json\/wp\/v2\/media?parent=1979"}],"curies":[{"name":"wp","href":"https:\/\/api.w.org\/{rel}","templated":true}]}}