{"id":2202,"date":"2024-12-20T11:30:51","date_gmt":"2024-12-20T11:30:51","guid":{"rendered":"https:\/\/italy.fashionrevolution.org\/?page_id=2202"},"modified":"2024-12-20T11:44:33","modified_gmt":"2024-12-20T11:44:33","slug":"fashion-revolution-week-2024","status":"publish","type":"page","link":"https:\/\/italy.fashionrevolution.org\/it\/fashion-revolution-week-2024\/","title":{"rendered":"FASHION REVOLUTION WEEK 2024"},"content":{"rendered":"<div class=\"wp-block-cover\"><span aria-hidden=\"true\" class=\"wp-block-cover__background has-background-dim-0 has-background-dim\" style=\"background-color:#72706f\"><\/span><img loading=\"lazy\" decoding=\"async\" width=\"1040\" height=\"585\" class=\"wp-block-cover__image-background wp-image-2204\" alt=\"\" src=\"https:\/\/italy.fashionrevolution.org\/wp-content\/uploads\/sites\/20\/2024\/12\/IMG-20150424-WA0006.jpg\" style=\"object-position:49% 71%\" data-object-fit=\"cover\" data-object-position=\"49% 71%\" srcset=\"https:\/\/italy.fashionrevolution.org\/wp-content\/uploads\/sites\/20\/2024\/12\/IMG-20150424-WA0006.jpg 1040w, https:\/\/italy.fashionrevolution.org\/wp-content\/uploads\/sites\/20\/2024\/12\/IMG-20150424-WA0006-350x197.jpg 350w, https:\/\/italy.fashionrevolution.org\/wp-content\/uploads\/sites\/20\/2024\/12\/IMG-20150424-WA0006-1024x576.jpg 1024w, https:\/\/italy.fashionrevolution.org\/wp-content\/uploads\/sites\/20\/2024\/12\/IMG-20150424-WA0006-150x84.jpg 150w, https:\/\/italy.fashionrevolution.org\/wp-content\/uploads\/sites\/20\/2024\/12\/IMG-20150424-WA0006-768x432.jpg 768w, https:\/\/italy.fashionrevolution.org\/wp-content\/uploads\/sites\/20\/2024\/12\/IMG-20150424-WA0006-18x10.jpg 18w\" sizes=\"auto, (max-width: 1040px) 100vw, 1040px\" \/><div class=\"wp-block-cover__inner-container is-layout-constrained wp-block-cover-is-layout-constrained\">\n<h3 class=\"gb-headline gb-headline-1207b59c gb-headline-text\">FASHION REVOLUTION 2024<\/h3>\n<\/div><\/div>\n\n\n\n<div class=\"wp-block-group\"><div class=\"wp-block-group__inner-container is-layout-flow wp-block-group-is-layout-flow\">\n<p><\/p>\n\n\n\n<h1 class=\"wp-block-heading has-text-align-center\">FASHION REVOLUTION tour<\/h1>\n<\/div><\/div>\n\n\n<div class=\"wp-block-image\">\n<figure class=\"aligncenter size-full is-resized\"><img loading=\"lazy\" decoding=\"async\" width=\"800\" height=\"999\" src=\"https:\/\/italy.fashionrevolution.org\/wp-content\/uploads\/sites\/20\/2024\/12\/111-09_small.jpg\" alt=\"\" class=\"wp-image-2220\" style=\"width:400px\" srcset=\"https:\/\/italy.fashionrevolution.org\/wp-content\/uploads\/sites\/20\/2024\/12\/111-09_small.jpg 800w, https:\/\/italy.fashionrevolution.org\/wp-content\/uploads\/sites\/20\/2024\/12\/111-09_small-192x240.jpg 192w, https:\/\/italy.fashionrevolution.org\/wp-content\/uploads\/sites\/20\/2024\/12\/111-09_small-120x150.jpg 120w, https:\/\/italy.fashionrevolution.org\/wp-content\/uploads\/sites\/20\/2024\/12\/111-09_small-768x959.jpg 768w, https:\/\/italy.fashionrevolution.org\/wp-content\/uploads\/sites\/20\/2024\/12\/111-09_small-10x12.jpg 10w\" sizes=\"auto, (max-width: 800px) 100vw, 800px\" \/><\/figure>\n<\/div>\n\n\n<div class=\"wp-block-group\"><div class=\"wp-block-group__inner-container is-layout-flow wp-block-group-is-layout-flow\">\n<p class=\"has-text-align-center\"><strong>23 Aprile 2024 FASHION REVOLUTION TOUR @ VENEZIA<\/strong><\/p>\n<\/div><\/div>\n\n\n\n<p class=\"has-text-align-left\"><strong>Per il nostro decimo anniversario portiamo a Venezia il Fashion Revolution Tour un itinerario culturale nel cuore della citt\u00e0, per scoprire cosa significa sostenibilit\u00e0 della moda attraverso le opere di botteghe artigiane e designer contemporanei.<br><\/strong>Il progetto \u00e8 realizzato in collaborazione con <strong>Venice Fashion Week<\/strong>, <strong>Venezia da Vivere<\/strong>, <strong>Universit\u00e0 IUAV di Venezia <\/strong>e <strong>Sara Sozzani Maino<\/strong>, e patrocinato dal <strong>Comune di Venezia<\/strong>.<\/p>\n\n\n\n<p>Fashion Revolution Tour \u00e8 un percorso culturale a tappe tra le calli veneziane, creato per rendere manifesti i principi di design responsabile attraverso il lavoro di storici artigiani della citt\u00e0 in dialogo con un gruppo selezionato di designer contemporanei. Ogni tappa corrisponde ad una bottega che ospiter\u00e0 le opere di uno o pi\u00f9 designer. A fare da collante sono la cultura del progetto e i principi etici che informano il processo creativo e produttivo, raccontati ai visitatori per ispirare una lettura diversa dei nostri vestiti e del loro reale valore.<\/p>\n\n\n\n<p>L\u2019itinerario prevede 6 tappe: punto di partenza del tour sono i Giardini Reali di Piazza San Marco, da l\u00ec, con il supporto di una <a href=\"https:\/\/www.google.com\/maps?geocode=FZhAtQIddES8ACkxqy4G17F-RzEkLE9IBgmVVg%3D%3D;FRdWtQId8ze8ACk3Pz9nxbF-RzHVMmjkj0_TfA%3D%3D;FUdWtQIdzje8ACkn_G4OZ7F-RzESVoYDa3c6ow%3D%3D;FQFYtQIdyDK8ACnxI1GXqLF-RzFjudACRveIpg%3D%3D;FX9atQId5yW8ACnvZ0i417F-RzHe14Jm637nAg%3D%3D;FZNXtQIdBSK8ACk9R24dErF-RzH1LCeKKT5JMw%3D%3D;FdZYtQIdJBK8ACn71mztxLF-RzEeiJwm-2DN9Q%3D%3D&amp;daddr=Attombri++to:Tabinotabi,+Venezia,+VE++to:RAMOSALSO+VENEZIA++to:Veneziastampa,+Santa+Croce,+Venezia,+VE++to:Lunardelli+Venezia++to:Paperoowl&amp;saddr=Giardini+Reali&amp;dirflg=w&amp;ftid=0x477eb1d7062eab31:0x56950906484f2c24;0x477eb1c4ed6cd6fb:0xf5cd60fb269c881e&amp;lucs=,47071704,47069508,94212608,94214166,47084304&amp;g_ep=CAISDTYuMTA1LjIuNDYzMzAYACCUnAEqLSw0NzA3MTcwNCw0NzA2OTUwOCw5NDIxMjYwOCw5NDIxNDE2Niw0NzA4NDMwNEICSVQ%3D&amp;g_st=ic\" target=\"_blank\" rel=\"noreferrer noopener\"><strong>mappa digitale<\/strong><\/a>, i visitatori possono partire alla scoperta dei designer e delle botteghe di Fashion Revolution Tour. Ci sono il brand <strong><a href=\"https:\/\/italy.fashionrevolution.org\/dennj\/\">Dennj <\/a><\/strong>nella bottega <strong><a href=\"https:\/\/italy.fashionrevolution.org\/attombri\/\">Attombri<\/a><\/strong>, <strong><a href=\"https:\/\/italy.fashionrevolution.org\/lessico-familiare\/\">Lessico Familiare <\/a><\/strong>da <strong><a href=\"https:\/\/italy.fashionrevolution.org\/tabinotabi\/\">TabinoTabi<\/a><\/strong>, il designer <strong><a href=\"https:\/\/italy.fashionrevolution.org\/felipe-fiallo\/\">Felipe Fiallo<\/a> <\/strong>con le sue innovative sneaker nell\u2019atelier <strong><a href=\"https:\/\/italy.fashionrevolution.org\/ramosalso\/\">Ramosalso<\/a> <\/strong>del sarto <strong>Demis Marin<\/strong>, il designer <strong><a href=\"https:\/\/italy.fashionrevolution.org\/marcello-pipitone\/\">Marcello Pipitone<\/a> <\/strong>nella storica stamperia <strong><a href=\"https:\/\/italy.fashionrevolution.org\/veneziastampa\/\">Venezia Stampa<\/a><\/strong>, i progetti di <strong><a href=\"https:\/\/italy.fashionrevolution.org\/sanaz-nataj-couture\/\">Sanaz Nataj Couture<\/a> <\/strong>e <strong><a href=\"https:\/\/italy.fashionrevolution.org\/made-for-a-woman\/\">Made for a Woman<\/a> <\/strong>nella falegnameria <strong><a href=\"https:\/\/italy.fashionrevolution.org\/lunardelli-venezia\/\">Lunardelli Venezia<\/a><\/strong>, il brand <strong><a href=\"https:\/\/italy.fashionrevolution.org\/cavia\/\">Cavia<\/a> <\/strong>da <strong><a href=\"https:\/\/italy.fashionrevolution.org\/paperoowl\/\">Paperoowl<\/a><\/strong>. Parte dell\u2019itinerario sar\u00e0 anche Palazzo Mora che ospiter\u00e0 l\u2019opera \u2018Hope Dress\u2019 di <strong><a href=\"https:\/\/italy.fashionrevolution.org\/elaine-foster-gandey\/\">Elaine Fostergandey<\/a><\/strong>.<\/p>\n\n\n\n<p>Nella giornata di inaugurazione del 23 Aprile 2024 \u00e8 previsto un talk di <strong>Marina Spadafora <\/strong>(Fashion Revolution Italia) con la partecipazione di <strong>Orsola de Castro<\/strong> (co-fondatrice Fashion Revolution e direttore creativo Estethica) e dei partner che hanno contribuito alla realizzazione del progetto: <strong>Laura Scarpa <\/strong>(Venezia da Vivere), <strong>Sara Sozzani Maino <\/strong>(Fondazione Sozzani), <strong>Matteo Ward <\/strong>(Fashion Revolution Italia e WR\u00c5D) e <strong>Alessandra Vaccari <\/strong>(IUAV Venezia).<\/p>\n\n\n\n<p><strong>#WEAREFASHIONREVOLUTION<\/strong><\/p>\n\n\n\n<p class=\"has-small-font-size\">Artwork At Studio by Stella Stone e Joshua Billsborough<\/p>\n\n\n\n<figure class=\"wp-block-embed aligncenter is-type-video is-provider-youtube wp-block-embed-youtube wp-embed-aspect-16-9 wp-has-aspect-ratio\"><div class=\"wp-block-embed__wrapper\">\n<iframe loading=\"lazy\" title=\"FASHION REVOLUTION TOUR 2024\" width=\"500\" height=\"281\" src=\"https:\/\/www.youtube.com\/embed\/ic8SvJkEN5U?feature=oembed\" frameborder=\"0\" allow=\"accelerometer; autoplay; clipboard-write; encrypted-media; gyroscope; picture-in-picture; web-share\" referrerpolicy=\"strict-origin-when-cross-origin\" allowfullscreen><\/iframe>\n<\/div><\/figure>\n\n\n\n<p><\/p>\n\n\n\n<p><\/p>\n\n\n\n<div class=\"wp-block-columns are-vertically-aligned-center is-layout-flex wp-container-core-columns-is-layout-9d6595d7 wp-block-columns-is-layout-flex\">\n<div class=\"wp-block-column is-vertically-aligned-center is-layout-flow wp-block-column-is-layout-flow\">\n<figure class=\"wp-block-gallery has-nested-images columns-4 is-cropped wp-block-gallery-1 is-layout-flex wp-block-gallery-is-layout-flex\">\n<figure class=\"wp-block-image size-large\"><img loading=\"lazy\" decoding=\"async\" width=\"683\" height=\"1024\" data-id=\"2180\" src=\"https:\/\/italy.fashionrevolution.org\/wp-content\/uploads\/sites\/20\/2024\/04\/dclassic-2024-04-23-44606-2-683x1024.jpeg\" alt=\"\" class=\"wp-image-2180\" srcset=\"https:\/\/italy.fashionrevolution.org\/wp-content\/uploads\/sites\/20\/2024\/04\/dclassic-2024-04-23-44606-2-683x1024.jpeg 683w, https:\/\/italy.fashionrevolution.org\/wp-content\/uploads\/sites\/20\/2024\/04\/dclassic-2024-04-23-44606-2-160x240.jpeg 160w, https:\/\/italy.fashionrevolution.org\/wp-content\/uploads\/sites\/20\/2024\/04\/dclassic-2024-04-23-44606-2-100x150.jpeg 100w, https:\/\/italy.fashionrevolution.org\/wp-content\/uploads\/sites\/20\/2024\/04\/dclassic-2024-04-23-44606-2-768x1152.jpeg 768w, https:\/\/italy.fashionrevolution.org\/wp-content\/uploads\/sites\/20\/2024\/04\/dclassic-2024-04-23-44606-2-1024x1536.jpeg 1024w, https:\/\/italy.fashionrevolution.org\/wp-content\/uploads\/sites\/20\/2024\/04\/dclassic-2024-04-23-44606-2-1365x2048.jpeg 1365w, https:\/\/italy.fashionrevolution.org\/wp-content\/uploads\/sites\/20\/2024\/04\/dclassic-2024-04-23-44606-2-8x12.jpeg 8w, https:\/\/italy.fashionrevolution.org\/wp-content\/uploads\/sites\/20\/2024\/04\/dclassic-2024-04-23-44606-2-scaled.jpeg 1707w\" sizes=\"auto, (max-width: 683px) 100vw, 683px\" \/><\/figure>\n\n\n\n<figure class=\"wp-block-image size-large\"><img loading=\"lazy\" decoding=\"async\" width=\"683\" height=\"1024\" data-id=\"2181\" src=\"https:\/\/italy.fashionrevolution.org\/wp-content\/uploads\/sites\/20\/2024\/04\/dclassic-2024-04-23-24458-2-683x1024.jpeg\" alt=\"\" class=\"wp-image-2181\" srcset=\"https:\/\/italy.fashionrevolution.org\/wp-content\/uploads\/sites\/20\/2024\/04\/dclassic-2024-04-23-24458-2-683x1024.jpeg 683w, https:\/\/italy.fashionrevolution.org\/wp-content\/uploads\/sites\/20\/2024\/04\/dclassic-2024-04-23-24458-2-160x240.jpeg 160w, https:\/\/italy.fashionrevolution.org\/wp-content\/uploads\/sites\/20\/2024\/04\/dclassic-2024-04-23-24458-2-100x150.jpeg 100w, https:\/\/italy.fashionrevolution.org\/wp-content\/uploads\/sites\/20\/2024\/04\/dclassic-2024-04-23-24458-2-768x1152.jpeg 768w, https:\/\/italy.fashionrevolution.org\/wp-content\/uploads\/sites\/20\/2024\/04\/dclassic-2024-04-23-24458-2-1024x1536.jpeg 1024w, https:\/\/italy.fashionrevolution.org\/wp-content\/uploads\/sites\/20\/2024\/04\/dclassic-2024-04-23-24458-2-1365x2048.jpeg 1365w, https:\/\/italy.fashionrevolution.org\/wp-content\/uploads\/sites\/20\/2024\/04\/dclassic-2024-04-23-24458-2-8x12.jpeg 8w, https:\/\/italy.fashionrevolution.org\/wp-content\/uploads\/sites\/20\/2024\/04\/dclassic-2024-04-23-24458-2-scaled.jpeg 1707w\" sizes=\"auto, (max-width: 683px) 100vw, 683px\" \/><\/figure>\n\n\n\n<figure class=\"wp-block-image size-large\"><img loading=\"lazy\" decoding=\"async\" width=\"1024\" height=\"683\" data-id=\"2178\" src=\"https:\/\/italy.fashionrevolution.org\/wp-content\/uploads\/sites\/20\/2024\/04\/dclassic-2024-04-24-40430-2-1024x683.jpeg\" alt=\"\" class=\"wp-image-2178\" srcset=\"https:\/\/italy.fashionrevolution.org\/wp-content\/uploads\/sites\/20\/2024\/04\/dclassic-2024-04-24-40430-2-1024x683.jpeg 1024w, https:\/\/italy.fashionrevolution.org\/wp-content\/uploads\/sites\/20\/2024\/04\/dclassic-2024-04-24-40430-2-350x233.jpeg 350w, https:\/\/italy.fashionrevolution.org\/wp-content\/uploads\/sites\/20\/2024\/04\/dclassic-2024-04-24-40430-2-150x100.jpeg 150w, https:\/\/italy.fashionrevolution.org\/wp-content\/uploads\/sites\/20\/2024\/04\/dclassic-2024-04-24-40430-2-768x512.jpeg 768w, https:\/\/italy.fashionrevolution.org\/wp-content\/uploads\/sites\/20\/2024\/04\/dclassic-2024-04-24-40430-2-1536x1024.jpeg 1536w, https:\/\/italy.fashionrevolution.org\/wp-content\/uploads\/sites\/20\/2024\/04\/dclassic-2024-04-24-40430-2-2048x1365.jpeg 2048w, https:\/\/italy.fashionrevolution.org\/wp-content\/uploads\/sites\/20\/2024\/04\/dclassic-2024-04-24-40430-2-18x12.jpeg 18w\" sizes=\"auto, (max-width: 1024px) 100vw, 1024px\" \/><\/figure>\n\n\n\n<figure class=\"wp-block-image size-large\"><img loading=\"lazy\" decoding=\"async\" width=\"683\" height=\"1024\" data-id=\"2182\" src=\"https:\/\/italy.fashionrevolution.org\/wp-content\/uploads\/sites\/20\/2024\/04\/dclassic-2024-04-23-339271-1-683x1024.jpeg\" alt=\"\" class=\"wp-image-2182\" srcset=\"https:\/\/italy.fashionrevolution.org\/wp-content\/uploads\/sites\/20\/2024\/04\/dclassic-2024-04-23-339271-1-683x1024.jpeg 683w, https:\/\/italy.fashionrevolution.org\/wp-content\/uploads\/sites\/20\/2024\/04\/dclassic-2024-04-23-339271-1-160x240.jpeg 160w, https:\/\/italy.fashionrevolution.org\/wp-content\/uploads\/sites\/20\/2024\/04\/dclassic-2024-04-23-339271-1-100x150.jpeg 100w, https:\/\/italy.fashionrevolution.org\/wp-content\/uploads\/sites\/20\/2024\/04\/dclassic-2024-04-23-339271-1-768x1152.jpeg 768w, https:\/\/italy.fashionrevolution.org\/wp-content\/uploads\/sites\/20\/2024\/04\/dclassic-2024-04-23-339271-1-1024x1536.jpeg 1024w, https:\/\/italy.fashionrevolution.org\/wp-content\/uploads\/sites\/20\/2024\/04\/dclassic-2024-04-23-339271-1-1365x2048.jpeg 1365w, https:\/\/italy.fashionrevolution.org\/wp-content\/uploads\/sites\/20\/2024\/04\/dclassic-2024-04-23-339271-1-8x12.jpeg 8w, https:\/\/italy.fashionrevolution.org\/wp-content\/uploads\/sites\/20\/2024\/04\/dclassic-2024-04-23-339271-1-scaled.jpeg 1707w\" sizes=\"auto, (max-width: 683px) 100vw, 683px\" \/><\/figure>\n\n\n\n<figure class=\"wp-block-image size-large\"><img loading=\"lazy\" decoding=\"async\" width=\"1024\" height=\"683\" data-id=\"2186\" src=\"https:\/\/italy.fashionrevolution.org\/wp-content\/uploads\/sites\/20\/2024\/04\/dclassic-2024-04-24-40352-1-1024x683.jpeg\" alt=\"\" class=\"wp-image-2186\" srcset=\"https:\/\/italy.fashionrevolution.org\/wp-content\/uploads\/sites\/20\/2024\/04\/dclassic-2024-04-24-40352-1-1024x683.jpeg 1024w, https:\/\/italy.fashionrevolution.org\/wp-content\/uploads\/sites\/20\/2024\/04\/dclassic-2024-04-24-40352-1-350x233.jpeg 350w, https:\/\/italy.fashionrevolution.org\/wp-content\/uploads\/sites\/20\/2024\/04\/dclassic-2024-04-24-40352-1-150x100.jpeg 150w, https:\/\/italy.fashionrevolution.org\/wp-content\/uploads\/sites\/20\/2024\/04\/dclassic-2024-04-24-40352-1-768x512.jpeg 768w, https:\/\/italy.fashionrevolution.org\/wp-content\/uploads\/sites\/20\/2024\/04\/dclassic-2024-04-24-40352-1-1536x1024.jpeg 1536w, https:\/\/italy.fashionrevolution.org\/wp-content\/uploads\/sites\/20\/2024\/04\/dclassic-2024-04-24-40352-1-2048x1365.jpeg 2048w, https:\/\/italy.fashionrevolution.org\/wp-content\/uploads\/sites\/20\/2024\/04\/dclassic-2024-04-24-40352-1-18x12.jpeg 18w\" sizes=\"auto, (max-width: 1024px) 100vw, 1024px\" \/><\/figure>\n\n\n\n<figure class=\"wp-block-image size-large\"><img loading=\"lazy\" decoding=\"async\" width=\"683\" height=\"1024\" data-id=\"2185\" src=\"https:\/\/italy.fashionrevolution.org\/wp-content\/uploads\/sites\/20\/2024\/04\/dclassic-2024-04-23-44609-1-683x1024.jpeg\" alt=\"\" class=\"wp-image-2185\" srcset=\"https:\/\/italy.fashionrevolution.org\/wp-content\/uploads\/sites\/20\/2024\/04\/dclassic-2024-04-23-44609-1-683x1024.jpeg 683w, https:\/\/italy.fashionrevolution.org\/wp-content\/uploads\/sites\/20\/2024\/04\/dclassic-2024-04-23-44609-1-160x240.jpeg 160w, https:\/\/italy.fashionrevolution.org\/wp-content\/uploads\/sites\/20\/2024\/04\/dclassic-2024-04-23-44609-1-100x150.jpeg 100w, https:\/\/italy.fashionrevolution.org\/wp-content\/uploads\/sites\/20\/2024\/04\/dclassic-2024-04-23-44609-1-768x1152.jpeg 768w, https:\/\/italy.fashionrevolution.org\/wp-content\/uploads\/sites\/20\/2024\/04\/dclassic-2024-04-23-44609-1-1024x1536.jpeg 1024w, https:\/\/italy.fashionrevolution.org\/wp-content\/uploads\/sites\/20\/2024\/04\/dclassic-2024-04-23-44609-1-1365x2048.jpeg 1365w, https:\/\/italy.fashionrevolution.org\/wp-content\/uploads\/sites\/20\/2024\/04\/dclassic-2024-04-23-44609-1-8x12.jpeg 8w, https:\/\/italy.fashionrevolution.org\/wp-content\/uploads\/sites\/20\/2024\/04\/dclassic-2024-04-23-44609-1-scaled.jpeg 1707w\" sizes=\"auto, (max-width: 683px) 100vw, 683px\" \/><\/figure>\n\n\n\n<figure class=\"wp-block-image size-large\"><img loading=\"lazy\" decoding=\"async\" width=\"683\" height=\"1024\" data-id=\"2183\" src=\"https:\/\/italy.fashionrevolution.org\/wp-content\/uploads\/sites\/20\/2024\/04\/dclassic-2024-04-23-45407-1-683x1024.jpeg\" alt=\"\" class=\"wp-image-2183\" srcset=\"https:\/\/italy.fashionrevolution.org\/wp-content\/uploads\/sites\/20\/2024\/04\/dclassic-2024-04-23-45407-1-683x1024.jpeg 683w, https:\/\/italy.fashionrevolution.org\/wp-content\/uploads\/sites\/20\/2024\/04\/dclassic-2024-04-23-45407-1-160x240.jpeg 160w, https:\/\/italy.fashionrevolution.org\/wp-content\/uploads\/sites\/20\/2024\/04\/dclassic-2024-04-23-45407-1-100x150.jpeg 100w, https:\/\/italy.fashionrevolution.org\/wp-content\/uploads\/sites\/20\/2024\/04\/dclassic-2024-04-23-45407-1-768x1152.jpeg 768w, https:\/\/italy.fashionrevolution.org\/wp-content\/uploads\/sites\/20\/2024\/04\/dclassic-2024-04-23-45407-1-1024x1536.jpeg 1024w, https:\/\/italy.fashionrevolution.org\/wp-content\/uploads\/sites\/20\/2024\/04\/dclassic-2024-04-23-45407-1-1365x2048.jpeg 1365w, https:\/\/italy.fashionrevolution.org\/wp-content\/uploads\/sites\/20\/2024\/04\/dclassic-2024-04-23-45407-1-8x12.jpeg 8w, https:\/\/italy.fashionrevolution.org\/wp-content\/uploads\/sites\/20\/2024\/04\/dclassic-2024-04-23-45407-1-scaled.jpeg 1707w\" sizes=\"auto, (max-width: 683px) 100vw, 683px\" \/><\/figure>\n\n\n\n<figure class=\"wp-block-image size-large\"><img loading=\"lazy\" decoding=\"async\" width=\"1024\" height=\"683\" data-id=\"2193\" src=\"https:\/\/italy.fashionrevolution.org\/wp-content\/uploads\/sites\/20\/2024\/04\/dclassic-2024-04-24-404261-3-1024x683.jpeg\" alt=\"\" class=\"wp-image-2193\" srcset=\"https:\/\/italy.fashionrevolution.org\/wp-content\/uploads\/sites\/20\/2024\/04\/dclassic-2024-04-24-404261-3-1024x683.jpeg 1024w, https:\/\/italy.fashionrevolution.org\/wp-content\/uploads\/sites\/20\/2024\/04\/dclassic-2024-04-24-404261-3-350x233.jpeg 350w, https:\/\/italy.fashionrevolution.org\/wp-content\/uploads\/sites\/20\/2024\/04\/dclassic-2024-04-24-404261-3-150x100.jpeg 150w, https:\/\/italy.fashionrevolution.org\/wp-content\/uploads\/sites\/20\/2024\/04\/dclassic-2024-04-24-404261-3-768x512.jpeg 768w, https:\/\/italy.fashionrevolution.org\/wp-content\/uploads\/sites\/20\/2024\/04\/dclassic-2024-04-24-404261-3-1536x1024.jpeg 1536w, https:\/\/italy.fashionrevolution.org\/wp-content\/uploads\/sites\/20\/2024\/04\/dclassic-2024-04-24-404261-3-2048x1365.jpeg 2048w, https:\/\/italy.fashionrevolution.org\/wp-content\/uploads\/sites\/20\/2024\/04\/dclassic-2024-04-24-404261-3-18x12.jpeg 18w\" sizes=\"auto, (max-width: 1024px) 100vw, 1024px\" \/><\/figure>\n<\/figure>\n\n\n\n<p class=\"gb-headline gb-headline-9f46704e gb-headline-text\">foto Michela Finocchiaro<\/p>\n<\/div>\n<\/div>","protected":false},"excerpt":{"rendered":"<p>FASHION REVOLUTION tour 23 Aprile 2024 FASHION REVOLUTION TOUR @ VENEZIA Per il nostro decimo anniversario portiamo a Venezia il Fashion Revolution Tour un itinerario culturale nel cuore della citt\u00e0, per scoprire cosa significa sostenibilit\u00e0 della moda attraverso le opere di botteghe artigiane e designer contemporanei.Il progetto \u00e8 realizzato in collaborazione con Venice Fashion Week, [&hellip;]<\/p>\n","protected":false},"author":21,"featured_media":0,"parent":0,"menu_order":0,"comment_status":"closed","ping_status":"closed","template":"","meta":{"footnotes":""},"class_list":["post-2202","page","type-page","status-publish","hentry"],"_links":{"self":[{"href":"https:\/\/italy.fashionrevolution.org\/it\/wp-json\/wp\/v2\/pages\/2202","targetHints":{"allow":["GET"]}}],"collection":[{"href":"https:\/\/italy.fashionrevolution.org\/it\/wp-json\/wp\/v2\/pages"}],"about":[{"href":"https:\/\/italy.fashionrevolution.org\/it\/wp-json\/wp\/v2\/types\/page"}],"author":[{"embeddable":true,"href":"https:\/\/italy.fashionrevolution.org\/it\/wp-json\/wp\/v2\/users\/21"}],"replies":[{"embeddable":true,"href":"https:\/\/italy.fashionrevolution.org\/it\/wp-json\/wp\/v2\/comments?post=2202"}],"version-history":[{"count":5,"href":"https:\/\/italy.fashionrevolution.org\/it\/wp-json\/wp\/v2\/pages\/2202\/revisions"}],"predecessor-version":[{"id":2219,"href":"https:\/\/italy.fashionrevolution.org\/it\/wp-json\/wp\/v2\/pages\/2202\/revisions\/2219"}],"wp:attachment":[{"href":"https:\/\/italy.fashionrevolution.org\/it\/wp-json\/wp\/v2\/media?parent=2202"}],"curies":[{"name":"wp","href":"https:\/\/api.w.org\/{rel}","templated":true}]}}