{"id":33,"date":"2020-11-12T15:27:30","date_gmt":"2020-11-12T15:27:30","guid":{"rendered":"http:\/\/italy.fashionrevolution.org\/?page_id=33"},"modified":"2025-04-07T10:31:04","modified_gmt":"2025-04-07T09:31:04","slug":"about","status":"publish","type":"page","link":"https:\/\/italy.fashionrevolution.org\/it\/about\/","title":{"rendered":"About"},"content":{"rendered":"<section class=\"gb-container gb-container-097f91bb jumbotron\"><div class=\"gb-inside-container\">\n\n<h1 class=\"wp-block-heading has-text-align-center\"><strong>About Fashion Revolution<\/strong><\/h1>\n\n<\/div><\/section>\n\n\n<h3 class=\"wp-block-heading\">Fashion Revolution<\/h3>\n\n\n\n<p>Fashion Revolution nasce nel 2014 in risposta al crollo del Rana Plaza in Bangladesh con uno scopo ben preciso: evitare che tragedie di questo genere possano ripetersi in futuro chiedendo maggiore trasparenza e quindi controllo delle proprie filiere ai brand di tutto il mondo. \nLa campagna #WhoMadeMyClothes? diventa il primo strumento per ispirare centinaia di milioni di persone in tutto il mondo ad attivarsi per restituire dignit\u00e0 alle persone che fanno i nostri vestiti.<br>The #WhoMadeMyClothes campaign becomes the first tool to inspire hundreds of millions of people around the world to take action to restore dignity to the people who make our clothes.<\/p>\n\n\n\n<h3 class=\"wp-block-heading\"><strong>Chi Siamo<\/strong><\/h3>\n\n\n\n<p>Siamo Fashion Revolution Italia. Un movimento di attivisti uniti nella loro diversit\u00e0 dal desiderio di rendere l'industria della moda pi\u00f9 etica e trasparente.<br>Country Coordinator di Fashion Revolution Italia \u00e8 Marina Spadafora. Marina \u00e8 una designer, consulente, scrittrice, relatrice TEDx e vincitrice dell'UN Women Together Award per il suo impegno nella moda etica.<br>Il team \u00e8 poi composto da Chiara Ferrero, Virginia Pignotti e Matteo Ward.<\/p>\n\n\n\n<h3 class=\"wp-block-heading\"><strong>Cosa Facciamo<\/strong><\/h3>\n\n\n\n<p>Ogni anno, durante la Fashion Revolution Week, organizziamo un grande evento per amplificare le nostre campagne e il nostro impatto. Durante l'anno, per\u00f2, ci impegniamo a portare progetti didattici e laboratori nelle scuole e nelle universit\u00e0 di tutta Italia per continuare a generare consapevolezza intorno al reale impatto della moda e per fornire strumenti utili per innescare una vera<em> Fashion Revolution.<\/em><\/p>","protected":false},"excerpt":{"rendered":"<p>About Fashion Revolution Fashion Revolution Fashion Revolution was born in 2014 in response to the collapse of Rana Plaza in Bangladesh with a very specific purpose: to prevent tragedies of this kind from being repeated in the future by asking brands all over the world for greater transparency and therefore control of their supply chains.The [&hellip;]<\/p>\n","protected":false},"author":1,"featured_media":0,"parent":0,"menu_order":0,"comment_status":"closed","ping_status":"closed","template":"","meta":{"footnotes":""},"class_list":["post-33","page","type-page","status-publish","hentry"],"_links":{"self":[{"href":"https:\/\/italy.fashionrevolution.org\/it\/wp-json\/wp\/v2\/pages\/33","targetHints":{"allow":["GET"]}}],"collection":[{"href":"https:\/\/italy.fashionrevolution.org\/it\/wp-json\/wp\/v2\/pages"}],"about":[{"href":"https:\/\/italy.fashionrevolution.org\/it\/wp-json\/wp\/v2\/types\/page"}],"author":[{"embeddable":true,"href":"https:\/\/italy.fashionrevolution.org\/it\/wp-json\/wp\/v2\/users\/1"}],"replies":[{"embeddable":true,"href":"https:\/\/italy.fashionrevolution.org\/it\/wp-json\/wp\/v2\/comments?post=33"}],"version-history":[{"count":26,"href":"https:\/\/italy.fashionrevolution.org\/it\/wp-json\/wp\/v2\/pages\/33\/revisions"}],"predecessor-version":[{"id":1812,"href":"https:\/\/italy.fashionrevolution.org\/it\/wp-json\/wp\/v2\/pages\/33\/revisions\/1812"}],"wp:attachment":[{"href":"https:\/\/italy.fashionrevolution.org\/it\/wp-json\/wp\/v2\/media?parent=33"}],"curies":[{"name":"wp","href":"https:\/\/api.w.org\/{rel}","templated":true}]}}