{"id":63,"date":"2020-11-13T04:50:00","date_gmt":"2020-11-13T04:50:00","guid":{"rendered":"http:\/\/italy.fashionrevolution.org\/?page_id=63"},"modified":"2025-06-27T11:17:08","modified_gmt":"2025-06-27T10:17:08","slug":"italian-team","status":"publish","type":"page","link":"https:\/\/italy.fashionrevolution.org\/it\/about\/italian-team\/","title":{"rendered":"TEAM"},"content":{"rendered":"<h2 class=\"gb-headline gb-headline-dc87679b gb-headline-text\">team<\/h2>\n\n\n<div class=\"gb-container gb-container-d7148379\"><div class=\"gb-inside-container\">\n<div class=\"gb-grid-wrapper gb-grid-wrapper-b502cf72\">\n<div class=\"gb-grid-column gb-grid-column-5c9b8818\"><div class=\"gb-container gb-container-5c9b8818\"><div class=\"gb-inside-container\">\n\n<figure class=\"wp-block-image size-full is-style-rounded\"><img loading=\"lazy\" decoding=\"async\" width=\"200\" height=\"300\" src=\"http:\/\/italy.fashionrevolution.org\/wp-content\/uploads\/sites\/20\/2021\/11\/MARINASPADAFORA_PHOTO_small.jpeg.jpg\" alt=\"\" class=\"wp-image-820\" srcset=\"https:\/\/italy.fashionrevolution.org\/wp-content\/uploads\/sites\/20\/2021\/11\/MARINASPADAFORA_PHOTO_small.jpeg.jpg 200w, https:\/\/italy.fashionrevolution.org\/wp-content\/uploads\/sites\/20\/2021\/11\/MARINASPADAFORA_PHOTO_small.jpeg-160x240.jpg 160w, https:\/\/italy.fashionrevolution.org\/wp-content\/uploads\/sites\/20\/2021\/11\/MARINASPADAFORA_PHOTO_small.jpeg-100x150.jpg 100w, https:\/\/italy.fashionrevolution.org\/wp-content\/uploads\/sites\/20\/2021\/11\/MARINASPADAFORA_PHOTO_small.jpeg-8x12.jpg 8w\" sizes=\"auto, (max-width: 200px) 100vw, 200px\" \/><\/figure>\n\n<\/div><\/div><\/div>\n\n<div class=\"gb-grid-column gb-grid-column-5ea2b3a0\"><div class=\"gb-container gb-container-5ea2b3a0\"><div class=\"gb-inside-container\">\n\n<p class=\"has-black-color has-text-color\"><strong>Nome:<\/strong> Marina Spadafora<br><strong>Ruolo:<\/strong> Country Coordinator<br><strong>Bio:<\/strong> Marina Spadafora \u00e8 ambasciatrice di moda etica nel mondo. Ha radici profonde nella moda avendo avuto il proprio brand e collaborato con Ferragamo, Prada, Miu Miu e Marni. E' stata direttore creativo di Auteurs du Monde, il brand fair trade di Altro Mercato, lavorando con artigiani in tutto il mondo. Marina \u00e8 professore di moda etica presso prestigiose accademie in Italia e all'estero. Il lavoro di Marina ha sempre incluso una forte attenzione per il sociale e l'ecologia, ritenendo che l'etica e l'estetica possano coincidere.Il suo motto \u00e8 \"Fashion with a Mission\". Marina lavora per portare lo sviluppo in paesi emergenti attraverso la sua piattaforma FWAM. \u00c8 la coordinatrice nazionale italiana di Fashion Revolution. Marina ha ricevuto il premio Women Together delle Nazioni Unite nel 2015 a New York e ha fatto un TEDx Talk sulla moda sostenibile nel 2014. Nel 2020 ha scritto il libro \u201c La rivoluzione comincia dal tuo armadio\u201d con Luisa Ciuni pubblicato da Solferino Libri.   \nTEDx Talk: Marina Spadafora sul potere dei consumatori &nbsp;&nbsp;<br><a href=\"https:\/\/www.youtube.com\/watch?v=qs127YTnF5E\"><strong>TEDx Talk: Marina Spadafora On Consumers Power<\/strong><\/a><br><strong>Citt\u00e0:<\/strong> Milano, Italia<br><strong>Lingue:<\/strong> Italiano, Inglese, Spagnolo<\/p>\n\n<\/div><\/div><\/div>\n<\/div>\n\n<div class=\"gb-grid-wrapper gb-grid-wrapper-c5f8d8f4\">\n<div class=\"gb-grid-column gb-grid-column-abbe62fb\"><div class=\"gb-container gb-container-abbe62fb\"><div class=\"gb-inside-container\">\n\n<figure class=\"wp-block-image size-full is-style-rounded\"><img loading=\"lazy\" decoding=\"async\" width=\"200\" height=\"176\" src=\"https:\/\/italy.fashionrevolution.org\/wp-content\/uploads\/sites\/20\/2021\/11\/MATTEOWARD_PHOTO_small.jpeg-1.jpg\" alt=\"\" class=\"wp-image-834\" srcset=\"https:\/\/italy.fashionrevolution.org\/wp-content\/uploads\/sites\/20\/2021\/11\/MATTEOWARD_PHOTO_small.jpeg-1.jpg 200w, https:\/\/italy.fashionrevolution.org\/wp-content\/uploads\/sites\/20\/2021\/11\/MATTEOWARD_PHOTO_small.jpeg-1-150x132.jpg 150w, https:\/\/italy.fashionrevolution.org\/wp-content\/uploads\/sites\/20\/2021\/11\/MATTEOWARD_PHOTO_small.jpeg-1-14x12.jpg 14w\" sizes=\"auto, (max-width: 200px) 100vw, 200px\" \/><\/figure>\n\n<\/div><\/div><\/div>\n\n<div class=\"gb-grid-column gb-grid-column-7d121a95\"><div class=\"gb-container gb-container-7d121a95\"><div class=\"gb-inside-container\">\n\n<p><strong>Nome:<\/strong> Matteo Ward<br><strong>Ruolo:<\/strong> Project manager<br><strong>Bio:<\/strong> Dopo gli studi universitari a Milano (Universit\u00e0 Bocconi) e Seoul (Yonsei University), neolaureato in Economia Internazionale, ho iniziato la mia carriera nella moda nel 2009 lavorando per Abercrombie and Fitch. Dopo un breve periodo di formazione a Londra e in Italia, dove ho aperto il primo flagship store a Milano, sono stato poi trasferito in Germania dove alla fine sono diventato Sr. Manager e Co-Chair del Diversity and Inclusion Council di A&amp;F nel 2013. Quello \u00e8 stato l'anno in cui una serie di eventi esterni e interni hanno iniziato gradualmente ad aprirmi gli occhi sul vero costo ambientale e sociale dell'industria della moda. Tante domande: le risposte che sono seguite hanno determinato la decisione di lasciare il mio lavoro nel 2015 , lasciare la mia zona di comfort e investire tutto ci\u00f2 che avevo nel tentativo di catalizzare #LivableChange. Il risultato? L'ascesa di WR\u00c5D.<br><strong>Citt\u00e0:<\/strong> Vicenza, Italia<br><strong>Lingue:<\/strong> Italiano, Inglese<\/p>\n\n<\/div><\/div><\/div>\n<\/div>\n\n<div class=\"gb-grid-wrapper gb-grid-wrapper-3837159e\">\n<div class=\"gb-grid-column gb-grid-column-82d2652d\"><div class=\"gb-container gb-container-82d2652d\"><div class=\"gb-inside-container\">\n\n<figure class=\"wp-block-image size-full is-style-rounded\"><img loading=\"lazy\" decoding=\"async\" width=\"200\" height=\"200\" src=\"https:\/\/italy.fashionrevolution.org\/wp-content\/uploads\/sites\/20\/2023\/03\/IMG_20220925_122559_small.jpg\" alt=\"\" class=\"wp-image-1722\" srcset=\"https:\/\/italy.fashionrevolution.org\/wp-content\/uploads\/sites\/20\/2023\/03\/IMG_20220925_122559_small.jpg 200w, https:\/\/italy.fashionrevolution.org\/wp-content\/uploads\/sites\/20\/2023\/03\/IMG_20220925_122559_small-150x150.jpg 150w, https:\/\/italy.fashionrevolution.org\/wp-content\/uploads\/sites\/20\/2023\/03\/IMG_20220925_122559_small-12x12.jpg 12w, https:\/\/italy.fashionrevolution.org\/wp-content\/uploads\/sites\/20\/2023\/03\/IMG_20220925_122559_small-100x100.jpg 100w\" sizes=\"auto, (max-width: 200px) 100vw, 200px\" \/><\/figure>\n\n<\/div><\/div><\/div>\n\n<div class=\"gb-grid-column gb-grid-column-38b850e4\"><div class=\"gb-container gb-container-38b850e4\"><div class=\"gb-inside-container\">\n\n<p><strong>Nome:<\/strong> Virginia Pignotti<br><strong>Ruolo:<\/strong> Social Media Manager<br><strong>Bio:<\/strong> Virginia \u00e8 nata e cresciuta in Italia ma si considera cittadina del mondo. \nLaureata con un MA in Moda presso l'Universit\u00e0 di Bologna, dopodich\u00e9 si \u00e8 trasferita a Londra dove ha avuto l'opportunit\u00e0 di lavorare a fianco di Orsola de Castro, mentore e ispiratrice, come assistente di studio per il suo brand di upcycling From Somewhere. \u00c8 l\u00ec che la sua passione per la sostenibilit\u00e0 \u00e8 cresciuta e ha preso una forma pi\u00f9 consapevole.&nbsp;<br>Virginia lavora come visual merchandiser per un marchio di moda e come rivoluzionaria per il resto del tempo.<br><strong>Citt\u00e0:<\/strong> Bologna, Italia<br><strong>Lingue:<\/strong> Italiano, Inglese<\/p>\n\n<\/div><\/div><\/div>\n<\/div>\n\n<div class=\"gb-grid-wrapper gb-grid-wrapper-aba5290e\">\n<div class=\"gb-grid-column gb-grid-column-941f6da8\"><div class=\"gb-container gb-container-941f6da8\"><div class=\"gb-inside-container\">\n\n<figure class=\"wp-block-image size-full is-style-rounded\"><img loading=\"lazy\" decoding=\"async\" width=\"200\" height=\"214\" src=\"https:\/\/italy.fashionrevolution.org\/wp-content\/uploads\/sites\/20\/2021\/11\/CHIARAFERRERO_PHOTO_small.jpeg.jpg\" alt=\"\" class=\"wp-image-827\" srcset=\"https:\/\/italy.fashionrevolution.org\/wp-content\/uploads\/sites\/20\/2021\/11\/CHIARAFERRERO_PHOTO_small.jpeg.jpg 200w, https:\/\/italy.fashionrevolution.org\/wp-content\/uploads\/sites\/20\/2021\/11\/CHIARAFERRERO_PHOTO_small.jpeg-140x150.jpg 140w, https:\/\/italy.fashionrevolution.org\/wp-content\/uploads\/sites\/20\/2021\/11\/CHIARAFERRERO_PHOTO_small.jpeg-11x12.jpg 11w\" sizes=\"auto, (max-width: 200px) 100vw, 200px\" \/><\/figure>\n\n<\/div><\/div><\/div>\n\n<div class=\"gb-grid-column gb-grid-column-573fade4\"><div class=\"gb-container gb-container-573fade4\"><div class=\"gb-inside-container\">\n\n<p><strong>Nome:<\/strong> Chiara Ferrero<br><strong>Ruolo:<\/strong> Project consultant<br><strong>Bio:<\/strong> Dopo un stimolante Master presso l'Universit\u00e0 Bocconi su sostenibilit\u00e0 e CSR, Chiara decide di seguire le sue due passioni: sostenibilit\u00e0 e moda. Inizia a lavorare presso MADE-BY ad Amsterdam come consulente a supporto di marchi e rivenditori nell'integrazione della sostenibilit\u00e0 nelle loro attivit\u00e0. Dopo aver maturato una certa esperienza, l'Italia la richiama per lavorare maggiormente a contatto con i fornitori su aspetti operativi della sostenibilit\u00e0. Ora lavora come consulente per Process Factory, ma si prende sempre il tempo per diffondere la parola \"rivoluzionaria\" della moda etica e sostenibile con i suoi compagni di squadra.&nbsp;<br><strong>Citt\u00e0:<\/strong> Como, Italia<br><strong>Lingue:<\/strong> Italiano, Inglese<\/p>\n\n<\/div><\/div><\/div>\n<\/div>\n<\/div><\/div>\n\n<div class=\"gb-grid-wrapper gb-grid-wrapper-cf293b0b\">\n<div class=\"gb-grid-column gb-grid-column-c8cfabcb\"><div class=\"gb-container gb-container-c8cfabcb\"><div class=\"gb-inside-container\">\n<div class=\"wp-block-image is-style-rounded\">\n<figure class=\"alignright size-full\"><img loading=\"lazy\" decoding=\"async\" width=\"200\" height=\"200\" src=\"https:\/\/italy.fashionrevolution.org\/wp-content\/uploads\/sites\/20\/2025\/06\/LUDOVICA-DANDRIA-small.jpg\" alt=\"\" class=\"wp-image-2307\" srcset=\"https:\/\/italy.fashionrevolution.org\/wp-content\/uploads\/sites\/20\/2025\/06\/LUDOVICA-DANDRIA-small.jpg 200w, https:\/\/italy.fashionrevolution.org\/wp-content\/uploads\/sites\/20\/2025\/06\/LUDOVICA-DANDRIA-small-150x150.jpg 150w, https:\/\/italy.fashionrevolution.org\/wp-content\/uploads\/sites\/20\/2025\/06\/LUDOVICA-DANDRIA-small-12x12.jpg 12w\" sizes=\"auto, (max-width: 200px) 100vw, 200px\" \/><\/figure>\n<\/div>\n<\/div><\/div><\/div>\n\n<div class=\"gb-grid-column gb-grid-column-5c55d564\"><div class=\"gb-container gb-container-5c55d564\"><div class=\"gb-inside-container\">\n\n<p><strong>Nome:<\/strong> Ludovica D&#8217;Andria<br><strong>Ruolo:<\/strong> Project coordinator<br><strong>Bio:<\/strong> Ludovica \u00e8 una business developer e una social impact strategist, profondamente impegnata in un'innovazione inclusiva e orientata al risultato. Con oltre un decennio di esperienza nella progettazione di supply chains etiche per la moda e iniziative di economia circolare, ha lavorato in quattro continenti per creare opportunit\u00e0 per comunit\u00e0 sottorappresentate, tra cui artigiani, lavoratori rurali e gruppi emarginati. Contribuisce attivamente a iniziative, gruppi di lavoro politici e programmi accademici a livello europeo incentrati sulla trasformazione delle filiere globali.\u00a0<br><strong>Citt\u00e0:<\/strong> Roma, Italia<br><strong>Lingue:<\/strong> Italiano, Inglese<\/p>\n\n<\/div><\/div><\/div>\n<\/div>\n\n\n<p><\/p>","protected":false},"excerpt":{"rendered":"<p>team<\/p>","protected":false},"author":1,"featured_media":0,"parent":33,"menu_order":0,"comment_status":"closed","ping_status":"closed","template":"","meta":{"footnotes":""},"class_list":["post-63","page","type-page","status-publish","hentry"],"_links":{"self":[{"href":"https:\/\/italy.fashionrevolution.org\/it\/wp-json\/wp\/v2\/pages\/63","targetHints":{"allow":["GET"]}}],"collection":[{"href":"https:\/\/italy.fashionrevolution.org\/it\/wp-json\/wp\/v2\/pages"}],"about":[{"href":"https:\/\/italy.fashionrevolution.org\/it\/wp-json\/wp\/v2\/types\/page"}],"author":[{"embeddable":true,"href":"https:\/\/italy.fashionrevolution.org\/it\/wp-json\/wp\/v2\/users\/1"}],"replies":[{"embeddable":true,"href":"https:\/\/italy.fashionrevolution.org\/it\/wp-json\/wp\/v2\/comments?post=63"}],"version-history":[{"count":112,"href":"https:\/\/italy.fashionrevolution.org\/it\/wp-json\/wp\/v2\/pages\/63\/revisions"}],"predecessor-version":[{"id":2315,"href":"https:\/\/italy.fashionrevolution.org\/it\/wp-json\/wp\/v2\/pages\/63\/revisions\/2315"}],"up":[{"embeddable":true,"href":"https:\/\/italy.fashionrevolution.org\/it\/wp-json\/wp\/v2\/pages\/33"}],"wp:attachment":[{"href":"https:\/\/italy.fashionrevolution.org\/it\/wp-json\/wp\/v2\/media?parent=63"}],"curies":[{"name":"wp","href":"https:\/\/api.w.org\/{rel}","templated":true}]}}